{"id":14964,"date":"2019-03-25T10:14:53","date_gmt":"2019-03-25T10:14:53","guid":{"rendered":"https:\/\/www.debus-gmbh.de\/electric-vacuum-cleaners\/"},"modified":"2019-03-25T10:14:53","modified_gmt":"2019-03-25T10:14:53","slug":"electric-vacuum-cleaners","status":"publish","type":"page","link":"https:\/\/www.debus-gmbh.de\/en\/vacuum-cleaners\/electric-vacuum-cleaners\/","title":{"rendered":"Electric Vacuum Cleaners"},"content":{"rendered":"<h1 class=\"csc-firstHeader\"><span style=\"font-family: verdana; font-size: medium;\"><b>Electric Vacuum Cleaners: Universal and powerful<\/b><\/span><\/h1>\n<p>Select your new Electric Vacuum Cleaner with focus on powerful suction to remove nearly all materials. Benefit from our many differnet versions of Electric Vacuum Cleaners as well as individual solutions to find the ideal Vacuum Cleaner for your exact requirements. Our Electric Vacuum Cleaners are applicable in almost all warehouse, workshop, commercial or industrial areas. Whether it is extremely fine dust or viscous liquids: Our Vacuum Cleaners ensure cleanliness reliably and without effort.\u00a0<b>Easy handling.\u00a0<\/b>With regards to daily usability we especially value the easy handling of our Electric Valuum Cleaners: That includes not only the transport but also emptying the equipment. On this account we manufacture very light Vacuum Cleaners along with easy-going rolls.\u00a0The equipment is emptied using a detachable collector, a silo valve or directly into the customer\u2019s\u00a0own refuse containers.\u00a0<strong>A variety of options. All robust and durable.\u00a0<\/strong>To ensure longlasting efficiency we manufacture robust constructions from high-quality materials like stainless or plastic coated steel. To provide optimal use for vacuuming a wide range of materials including for example liquids, we match the material exactly to your intended application purpose. Addtionally depending on your intended use we offer devices powered by one to three motors\u00a0from 1.1 kW to 3.3 kW as well as different types of filters\u00a0complying with current DIN EN 60335-2-69 attachment AA regulations including a &#8220;Professional Institute for industrial Safety&#8221; test certificate. We will happily advice you on which Electric Vacuum Cleaner is the right one for your. Get in touch with us now and get not binding information from us.\u00a0<div class=\"hs_custom_projects et_pb_portfolio_grid et_pb_row et_pb_row_2 et_pb_row_4col\" style=\"width:100%;padding:0;\"><\/p>\n","protected":false},"excerpt":{"rendered":"<p>Electric Vacuum Cleaners: Universal and powerful Select your new Electric Vacuum Cleaner with focus on powerful suction to remove nearly all materials. Benefit from our many differnet versions of Electric Vacuum Cleaners as well as individual solutions to find the ideal Vacuum Cleaner for your exact requirements. Our Electric Vacuum Cleaners are applicable in almost [&hellip;]<\/p>\n","protected":false},"author":1,"featured_media":0,"parent":15014,"menu_order":0,"comment_status":"closed","ping_status":"closed","template":"","meta":{"_et_pb_use_builder":"off","_et_pb_old_content":"<h1 class=\"csc-firstHeader\"><span style=\"font-family: verdana; font-size: medium;\"><b>Elektrosauger: Universell und wirkungsstark<\/b><\/span><\/h1><p>Setzen Sie bei einem Elektrosauger auf wirkungsstarke Saugkraft, die nahezu jedes Material entfernt. Profitieren Sie von unterschiedlichen Ausf\u00fchrungsvarianten und individuellen L\u00f6sungen, um den f\u00fcr Ihren Einsatzzweck passenden Elektrosauger zu finden. Unsere Elektrosauger bieten nahezu unbegrenzte Einsatzm\u00f6glichkeiten in allen Bereichen von Handel, Handwerk, Industrie und Gewerbe. Ob feinster Staub oder z\u00e4hfl\u00fcssiger Schlamm: Mit unseren Ger\u00e4ten sorgen Sie zuverl\u00e4ssig und leicht f\u00fcr Sauberkeit. <b>Einfache Handhabung<\/b> Im Hinblick auf den allt\u00e4glichen Gebrauch legen wir besonderen Wert auf eine einfache Handhabung unserer Elektrosauger: Das gilt f\u00fcr den Transport wie f\u00fcr die Entleerung. Deshalb achten wir bei unseren mobilen Ger\u00e4ten auf ein m\u00f6glichst niedriges Eigengewicht und leichtl\u00e4ufige Rollen. Die Entleerung erfolgt mittels Siloklappe, ausklinkbarem Sammelbeh\u00e4lter oder direkt in den kundeneigenen Entsorgungsbeh\u00e4lter. <b>Viele Varianten. Immer robust und langlebig.<\/b> F\u00fcr eine lange Nutzungsdauer setzen wir auf eine robuste Bauweise und hochwertige Materialien wie Edelstahl oder kunststoffbeschichteten Stahl. Dabei stimmen wir das Material jeweils auf den Einsatzzweck ab, so dass unsere Elektrosauger die unterschiedlichsten Materien wie unter anderem Fl\u00fcssigkeiten aufnehmen k\u00f6nnen. Ebenfalls an den Einsatzzweck angepasst, bieten wir ein- bis dreimotorige Saugaggregate von 1,1 bis 3,3 Kilowatt an, sowie unterschiedliche Filtertypen, die auch entsprechend der DIN EN 60335 3 69 Anhang AA mit IFA-Pr\u00fcfzeugnis lieferbar sind. Welcher Elektrosauger f\u00fcr Ihren Einsatzzweck der richtige ist, erl\u00e4utern wir Ihnen gerne pers\u00f6nlich. Rufen Sie uns an und lassen Sie sich von uns unverbindlich beraten. [display_product category=\"elektrosauger\" anwendung=\"all\" verwendung=\"all\" display=\"6\" ]<\/p>","_et_gb_content_width":"","footnotes":""},"anwendung":[],"class_list":["post-14964","page","type-page","status-publish","hentry"],"yoast_head":"<!-- This site is optimized with the Yoast SEO plugin v27.3 - https:\/\/yoast.com\/product\/yoast-seo-wordpress\/ -->\n<title>Electric Vacuum Cleaners - Electrical Vacuum Cleaners - Debus GmbH<\/title>\n<meta name=\"description\" content=\"Debus Electric Vacuum Cleaners operating in warehouse, workshop, commercial or industrial areas. Universal and powerful vacuuming with Electric Vacuum Cleaners manufactured by Debus GmbH.\" \/>\n<meta name=\"robots\" content=\"index, follow, max-snippet:-1, max-image-preview:large, max-video-preview:-1\" \/>\n<link rel=\"canonical\" href=\"https:\/\/www.debus-gmbh.de\/en\/vacuum-cleaners\/electric-vacuum-cleaners\/\" \/>\n<meta property=\"og:locale\" content=\"en_US\" \/>\n<meta property=\"og:type\" content=\"article\" \/>\n<meta property=\"og:title\" content=\"Electric Vacuum Cleaners - Electrical Vacuum Cleaners - Debus GmbH\" \/>\n<meta property=\"og:description\" content=\"Debus Electric Vacuum Cleaners operating in warehouse, workshop, commercial or industrial areas. Universal and powerful vacuuming with Electric Vacuum Cleaners manufactured by Debus GmbH.\" \/>\n<meta property=\"og:url\" content=\"https:\/\/www.debus-gmbh.de\/en\/vacuum-cleaners\/electric-vacuum-cleaners\/\" \/>\n<meta property=\"og:site_name\" content=\"www.debus-gmbh.de\" \/>\n<meta name=\"twitter:card\" content=\"summary_large_image\" \/>\n<meta name=\"twitter:label1\" content=\"Est. reading time\" \/>\n\t<meta name=\"twitter:data1\" content=\"1 minute\" \/>\n<script type=\"application\/ld+json\" class=\"yoast-schema-graph\">{\"@context\":\"https:\\\/\\\/schema.org\",\"@graph\":[{\"@type\":\"WebPage\",\"@id\":\"https:\\\/\\\/www.debus-gmbh.de\\\/en\\\/vacuum-cleaners\\\/electric-vacuum-cleaners\\\/\",\"url\":\"https:\\\/\\\/www.debus-gmbh.de\\\/en\\\/vacuum-cleaners\\\/electric-vacuum-cleaners\\\/\",\"name\":\"Electric Vacuum Cleaners - Electrical Vacuum Cleaners - Debus GmbH\",\"isPartOf\":{\"@id\":\"https:\\\/\\\/www.debus-gmbh.de\\\/#website\"},\"datePublished\":\"2019-03-25T10:14:53+00:00\",\"description\":\"Debus Electric Vacuum Cleaners operating in warehouse, workshop, commercial or industrial areas. Universal and powerful vacuuming with Electric Vacuum Cleaners manufactured by Debus GmbH.\",\"breadcrumb\":{\"@id\":\"https:\\\/\\\/www.debus-gmbh.de\\\/en\\\/vacuum-cleaners\\\/electric-vacuum-cleaners\\\/#breadcrumb\"},\"inLanguage\":\"en-US\",\"potentialAction\":[{\"@type\":\"ReadAction\",\"target\":[\"https:\\\/\\\/www.debus-gmbh.de\\\/en\\\/vacuum-cleaners\\\/electric-vacuum-cleaners\\\/\"]}]},{\"@type\":\"BreadcrumbList\",\"@id\":\"https:\\\/\\\/www.debus-gmbh.de\\\/en\\\/vacuum-cleaners\\\/electric-vacuum-cleaners\\\/#breadcrumb\",\"itemListElement\":[{\"@type\":\"ListItem\",\"position\":1,\"name\":\"Startseite\",\"item\":\"https:\\\/\\\/www.debus-gmbh.de\\\/en\\\/\"},{\"@type\":\"ListItem\",\"position\":2,\"name\":\"Vacuum Cleaners\",\"item\":\"https:\\\/\\\/www.debus-gmbh.de\\\/en\\\/vacuum-cleaners\\\/\"},{\"@type\":\"ListItem\",\"position\":3,\"name\":\"Electric Vacuum Cleaners\"}]},{\"@type\":\"WebSite\",\"@id\":\"https:\\\/\\\/www.debus-gmbh.de\\\/#website\",\"url\":\"https:\\\/\\\/www.debus-gmbh.de\\\/\",\"name\":\"www.debus-gmbh.de\",\"description\":\"Just another WordPress site\",\"potentialAction\":[{\"@type\":\"SearchAction\",\"target\":{\"@type\":\"EntryPoint\",\"urlTemplate\":\"https:\\\/\\\/www.debus-gmbh.de\\\/?s={search_term_string}\"},\"query-input\":{\"@type\":\"PropertyValueSpecification\",\"valueRequired\":true,\"valueName\":\"search_term_string\"}}],\"inLanguage\":\"en-US\"}]}<\/script>\n<!-- \/ Yoast SEO plugin. -->","yoast_head_json":{"title":"Electric Vacuum Cleaners - Electrical Vacuum Cleaners - Debus GmbH","description":"Debus Electric Vacuum Cleaners operating in warehouse, workshop, commercial or industrial areas. Universal and powerful vacuuming with Electric Vacuum Cleaners manufactured by Debus GmbH.","robots":{"index":"index","follow":"follow","max-snippet":"max-snippet:-1","max-image-preview":"max-image-preview:large","max-video-preview":"max-video-preview:-1"},"canonical":"https:\/\/www.debus-gmbh.de\/en\/vacuum-cleaners\/electric-vacuum-cleaners\/","og_locale":"en_US","og_type":"article","og_title":"Electric Vacuum Cleaners - Electrical Vacuum Cleaners - Debus GmbH","og_description":"Debus Electric Vacuum Cleaners operating in warehouse, workshop, commercial or industrial areas. Universal and powerful vacuuming with Electric Vacuum Cleaners manufactured by Debus GmbH.","og_url":"https:\/\/www.debus-gmbh.de\/en\/vacuum-cleaners\/electric-vacuum-cleaners\/","og_site_name":"www.debus-gmbh.de","twitter_card":"summary_large_image","twitter_misc":{"Est. reading time":"1 minute"},"schema":{"@context":"https:\/\/schema.org","@graph":[{"@type":"WebPage","@id":"https:\/\/www.debus-gmbh.de\/en\/vacuum-cleaners\/electric-vacuum-cleaners\/","url":"https:\/\/www.debus-gmbh.de\/en\/vacuum-cleaners\/electric-vacuum-cleaners\/","name":"Electric Vacuum Cleaners - Electrical Vacuum Cleaners - Debus GmbH","isPartOf":{"@id":"https:\/\/www.debus-gmbh.de\/#website"},"datePublished":"2019-03-25T10:14:53+00:00","description":"Debus Electric Vacuum Cleaners operating in warehouse, workshop, commercial or industrial areas. Universal and powerful vacuuming with Electric Vacuum Cleaners manufactured by Debus GmbH.","breadcrumb":{"@id":"https:\/\/www.debus-gmbh.de\/en\/vacuum-cleaners\/electric-vacuum-cleaners\/#breadcrumb"},"inLanguage":"en-US","potentialAction":[{"@type":"ReadAction","target":["https:\/\/www.debus-gmbh.de\/en\/vacuum-cleaners\/electric-vacuum-cleaners\/"]}]},{"@type":"BreadcrumbList","@id":"https:\/\/www.debus-gmbh.de\/en\/vacuum-cleaners\/electric-vacuum-cleaners\/#breadcrumb","itemListElement":[{"@type":"ListItem","position":1,"name":"Startseite","item":"https:\/\/www.debus-gmbh.de\/en\/"},{"@type":"ListItem","position":2,"name":"Vacuum Cleaners","item":"https:\/\/www.debus-gmbh.de\/en\/vacuum-cleaners\/"},{"@type":"ListItem","position":3,"name":"Electric Vacuum Cleaners"}]},{"@type":"WebSite","@id":"https:\/\/www.debus-gmbh.de\/#website","url":"https:\/\/www.debus-gmbh.de\/","name":"www.debus-gmbh.de","description":"Just another WordPress site","potentialAction":[{"@type":"SearchAction","target":{"@type":"EntryPoint","urlTemplate":"https:\/\/www.debus-gmbh.de\/?s={search_term_string}"},"query-input":{"@type":"PropertyValueSpecification","valueRequired":true,"valueName":"search_term_string"}}],"inLanguage":"en-US"}]}},"_links":{"self":[{"href":"https:\/\/www.debus-gmbh.de\/en\/wp-json\/wp\/v2\/pages\/14964","targetHints":{"allow":["GET"]}}],"collection":[{"href":"https:\/\/www.debus-gmbh.de\/en\/wp-json\/wp\/v2\/pages"}],"about":[{"href":"https:\/\/www.debus-gmbh.de\/en\/wp-json\/wp\/v2\/types\/page"}],"author":[{"embeddable":true,"href":"https:\/\/www.debus-gmbh.de\/en\/wp-json\/wp\/v2\/users\/1"}],"replies":[{"embeddable":true,"href":"https:\/\/www.debus-gmbh.de\/en\/wp-json\/wp\/v2\/comments?post=14964"}],"version-history":[{"count":0,"href":"https:\/\/www.debus-gmbh.de\/en\/wp-json\/wp\/v2\/pages\/14964\/revisions"}],"up":[{"embeddable":true,"href":"https:\/\/www.debus-gmbh.de\/en\/wp-json\/wp\/v2\/pages\/15014"}],"wp:attachment":[{"href":"https:\/\/www.debus-gmbh.de\/en\/wp-json\/wp\/v2\/media?parent=14964"}],"wp:term":[{"taxonomy":"anwendung","embeddable":true,"href":"https:\/\/www.debus-gmbh.de\/en\/wp-json\/wp\/v2\/anwendung?post=14964"}],"curies":[{"name":"wp","href":"https:\/\/api.w.org\/{rel}","templated":true}]}}