{"id":14993,"date":"2019-04-02T09:53:09","date_gmt":"2019-04-02T09:53:09","guid":{"rendered":"https:\/\/www.debus-gmbh.de\/dust-extractors-for-fumes-and-mist\/"},"modified":"2019-07-24T02:41:47","modified_gmt":"2019-07-24T02:41:47","slug":"dust-extractors-for-fumes-and-mist","status":"publish","type":"page","link":"https:\/\/www.debus-gmbh.de\/en\/dust-extraction-systems\/dust-extractors-for-fumes-and-mist\/","title":{"rendered":"Dust Extractors for Fumes and Mist"},"content":{"rendered":"<p>During numerous manufacturing processes<strong> oil fume<\/strong> and <strong>oil smoke<\/strong> build up. Those oil fumes and oil smokes have negative effects on your employees&#8217; health, work safety as well as the productivity and\u00a0profitability of your machines.<\/p>\n<p><strong>Your benefits from clean air with an Oil Mist Filtration System are diverse:<br \/>\n<\/strong>Clean Air is less health damaging for your employees. The risk of long-term contact with oil mist involve health issues including\u00a0respiratory diseases, skin diseases as well as various types of cancer. These, however, can be noticeably minimized with the right Filtration System. Clean air prevents the accumulation of oil mist on surfaces. The risk of fires as well as work accidents caused by slipping on greasy floors gets reduced. Oil deposits on surfaces accelerate the expansion of fires. Clean air improves productivity. Aerosoles damage the electronics of modern machines. Expensive downtimes and reparations get avoided. Oil Mist Filtration Systems optimize the amount of coolant which returns into the production process. That lowers your costs. Oil mist consists of liquid droplets which can get very small with higher machine speed. That oil mist demands special requirements from filters. Depending on the requirements, Oil Mist Filtration Systems are available in different constructions as well as performance levels.<\/p>\n<p><strong>Oil Mist:<br \/>\n<\/strong>Oil mist causes health issues, slippery floors and settles on machines and production facilities. Our Oil Mist Extraction Systems are, depending on its application, either fixed directly to the machine or located next to it.<br \/>\nOur devices reach a maximum efficiency of 500 to 6.000 m\u00b3\/h.<\/p>\n<p><strong>Emulsion Mist:<br \/>\n<\/strong>Emulsion Mist Seperators successfully remove aerosoles which get released during metal-cutting processes, for example chipping or chipless forming of metal. Appropiate Emulsion Mist Filters seperate the emulsions, mist and aerosoles profoundly. Based on the requirement, we offer different levels of power varying from 500 to 5.000 m\u00b3\/h.<\/p>\n<p><strong>Oil Smoke:<br \/>\n<\/strong>During manufacturing processes that require high speed and high pressure, oil mist turns into oil smoke. As a result very small oil droplets (&lt;1\u03bcm) form and the density of oil in the air is higher in comparison to oil mist. For best results we offer different power settings ranging from 500 to 4.000 m\u00b3\/h to suit your individual requirements.<\/p>\n<p><div class=\"hs_custom_projects et_pb_portfolio_grid et_pb_row et_pb_row_2 et_pb_row_4col\" style=\"width:100%;padding:0;\"><br \/>\n<div class=\"hs_custom_projects et_pb_portfolio_grid et_pb_row et_pb_row_2 et_pb_row_4col\" style=\"width:100%;padding:0;\"><div class=\"post-15422 project type-project status-publish has-post-thumbnail hentry project_category-elektrosauger project_category-industriesauger project_tag-elektrosauger project_tag-industriesauger project_tag-oel-spaene-sauger project_tag-spaenesauger project_tag-staubsauger anwendung-automotive-verkehr-logistik anwendung-dienstleistung-reinigung-instandhaltung anwendung-energie-umwelt-recycling anwendung-kunststoffe anwendung-maschinen-anlagenbau anwendung-metallerzeugung-metallverarbeitung verwendung-fluessigkeiten verwendung-metallspaene verwendung-oel-spaene-gemische et_pb_portfolio_item et_pb_grid_item\" style=\"width: 47.5%; min-width:300px; max-width:500px; max-height: 220px; margin: 1%; clear: none; margin-bottom: 2%;margin-top: 4em;\">\n            \n    <a href=\"https:\/\/www.debus-gmbh.de\/en\/produkt\/testprojekt\/\"><span class=\"et_pb_image_wrap et_portfolio_image\"><img loading=\"lazy\" decoding=\"async\" width=\"1904\" height=\"796\" src=\"https:\/\/www.debus-gmbh.de\/wp-content\/uploads\/2019\/07\/DES-129-3-KW-Rec-ATEX-22.png\" class=\"attachment-high size-high wp-post-image\" alt=\"ATEX Zone 22 Sauger DEBUS DES 129 Reclean 3 KW\" srcset=\"https:\/\/www.debus-gmbh.de\/wp-content\/uploads\/2019\/07\/DES-129-3-KW-Rec-ATEX-22.png 1904w, https:\/\/www.debus-gmbh.de\/wp-content\/uploads\/2019\/07\/DES-129-3-KW-Rec-ATEX-22-300x125.png 300w, https:\/\/www.debus-gmbh.de\/wp-content\/uploads\/2019\/07\/DES-129-3-KW-Rec-ATEX-22-768x321.png 768w, https:\/\/www.debus-gmbh.de\/wp-content\/uploads\/2019\/07\/DES-129-3-KW-Rec-ATEX-22-1024x428.png 1024w\" sizes=\"(max-width: 1904px) 100vw, 1904px\" \/><span class=\"et_overlay\"><\/span><\/span><\/a>\n\n<h2 class=\"et_pb_module_header\">\n     <a href=\"https:\/\/www.debus-gmbh.de\/en\/produkt\/testprojekt\/\">Testprojekt<\/a><\/h2>\n<p class=\"post-meta\"><a href=\"https:\/\/www.debus-gmbh.de\/en\/project_category\/dust-extraction-systems-en\/\">Dust Extraction Systems<\/a><\/p>\n    \n\n    <\/div> \n    <\/div><\/p>\n","protected":false},"excerpt":{"rendered":"<p>This is a test<\/p>\n","protected":false},"author":1,"featured_media":0,"parent":15145,"menu_order":0,"comment_status":"closed","ping_status":"closed","template":"","meta":{"_et_pb_use_builder":"off","_et_pb_old_content":"In diversen Bearbeitungsprozessen wird \u00d6lnebel oder \u00d6lrauch erzeugt. Dieser \u00d6lnebel und \u00d6lrauch hat negative Auswirkungen auf die Gesundheit der Mitarbeiter, die Arbeitssicherheit und die Produktivit\u00e4t und Rentabilit\u00e4t der Produktionsanlagen.\r\n\r\n<b>Ihr Nutzen durch gereinigte Luft durch ein \u00d6lnebelfiltrationssystem ist vielf\u00e4ltig:<\/b>\r\n\r\nGereinigte Luft ist weniger gesundheitssch\u00e4dlich f\u00fcr Ihre Mitarbeiter. Das Risiko durch l\u00e4ngeren Kontakt mit \u00d6lnebel gesundheitliche Probleme, wie Atemwegs- und Hauterkrankungen oder sogar verschiedene Arten von Krebs zu bekommen, wird deutlich gesenkt.\r\n\r\nGereinigte Luft verhindert die Ablagerung von \u00d6lnebel auf Oberfl\u00e4chen. Das Risiko f\u00fcr Arbeitsunf\u00e4lle durch Ausrutschen auf rutschigen B\u00f6den und Br\u00e4nde wird gesenkt.\r\n\r\n\u00d6lablagerungen auf Oberfl\u00e4chen beschleunigen sie Ausbreitung von Br\u00e4nden.\r\n\r\nGereinigte Luft steigert die Produktivit\u00e4t. Aerosole sch\u00e4digen die Elektronik von modernen Maschinen. Teure Ausfallzeiten und Reparaturen wenden vermieden.\r\n\r\n\u00d6lnebelfiltration optimiert die Menge des K\u00fchlmittels, das in den Prozess zur\u00fcckgef\u00fchrt werden kann. Das senkt Ihre Kosten.\r\n\r\n\u00d6lnebel besteht aus Fl\u00fcssigkeitstr\u00f6pfchen, die bei h\u00f6herer Maschinengeschwindigkeit und Druck,sehr klein werden k\u00f6nnen. Dieser \u00d6lrauch stellt besondere Anforderungen an die Filter.\r\n\r\nJe nach Anforderung sind \u00d6lrauchfiltrationsanlagen in unterschiedlichen Bauarten und Leistungsstufen erh\u00e4ltlich.","_et_gb_content_width":"","footnotes":""},"anwendung":[24,26,27,28,34,37,29,30],"class_list":["post-14993","page","type-page","status-publish","hentry","anwendung-automotive-verkehr-logistik","anwendung-chemie-pharma-rohstoffe","anwendung-dienstleistung-reinigung-instandhaltung","anwendung-energie-umwelt-recycling","anwendung-glasindustrie","anwendung-kraftwerke","anwendung-kunststoffe","anwendung-maschinen-anlagenbau"],"yoast_head":"<!-- This site is optimized with the Yoast SEO plugin v27.5 - https:\/\/yoast.com\/product\/yoast-seo-wordpress\/ -->\n<title>Dust Extractors for Fumes and Mist - www.debus-gmbh.de<\/title>\n<meta name=\"description\" content=\"During numerous manufacturing processes oil fume and oil smoke build up. Those oil fumes and oil smokes have negative effects on your employees&#039; health, work safety as well as the productivity and\u00a0profitability of your machines.\" \/>\n<meta name=\"robots\" content=\"index, follow, max-snippet:-1, max-image-preview:large, max-video-preview:-1\" \/>\n<link rel=\"canonical\" href=\"https:\/\/www.debus-gmbh.de\/en\/dust-extraction-systems\/dust-extractors-for-fumes-and-mist\/\" \/>\n<meta property=\"og:locale\" content=\"en_US\" \/>\n<meta property=\"og:type\" content=\"article\" \/>\n<meta property=\"og:title\" content=\"Dust Extractors for Fumes and Mist - www.debus-gmbh.de\" \/>\n<meta property=\"og:description\" content=\"During numerous manufacturing processes oil fume and oil smoke build up. Those oil fumes and oil smokes have negative effects on your employees&#039; health, work safety as well as the productivity and\u00a0profitability of your machines.\" \/>\n<meta property=\"og:url\" content=\"https:\/\/www.debus-gmbh.de\/en\/dust-extraction-systems\/dust-extractors-for-fumes-and-mist\/\" \/>\n<meta property=\"og:site_name\" content=\"www.debus-gmbh.de\" \/>\n<meta property=\"article:modified_time\" content=\"2019-07-24T02:41:47+00:00\" \/>\n<meta name=\"twitter:card\" content=\"summary_large_image\" \/>\n<meta name=\"twitter:label1\" content=\"Est. reading time\" \/>\n\t<meta name=\"twitter:data1\" content=\"2 minutes\" \/>\n<script type=\"application\/ld+json\" class=\"yoast-schema-graph\">{\"@context\":\"https:\\\/\\\/schema.org\",\"@graph\":[{\"@type\":\"WebPage\",\"@id\":\"https:\\\/\\\/www.debus-gmbh.de\\\/en\\\/dust-extraction-systems\\\/dust-extractors-for-fumes-and-mist\\\/\",\"url\":\"https:\\\/\\\/www.debus-gmbh.de\\\/en\\\/dust-extraction-systems\\\/dust-extractors-for-fumes-and-mist\\\/\",\"name\":\"Dust Extractors for Fumes and Mist - www.debus-gmbh.de\",\"isPartOf\":{\"@id\":\"https:\\\/\\\/www.debus-gmbh.de\\\/#website\"},\"datePublished\":\"2019-04-02T09:53:09+00:00\",\"dateModified\":\"2019-07-24T02:41:47+00:00\",\"description\":\"During numerous manufacturing processes oil fume and oil smoke build up. Those oil fumes and oil smokes have negative effects on your employees' health, work safety as well as the productivity and\u00a0profitability of your machines.\",\"breadcrumb\":{\"@id\":\"https:\\\/\\\/www.debus-gmbh.de\\\/en\\\/dust-extraction-systems\\\/dust-extractors-for-fumes-and-mist\\\/#breadcrumb\"},\"inLanguage\":\"en-US\",\"potentialAction\":[{\"@type\":\"ReadAction\",\"target\":[\"https:\\\/\\\/www.debus-gmbh.de\\\/en\\\/dust-extraction-systems\\\/dust-extractors-for-fumes-and-mist\\\/\"]}]},{\"@type\":\"BreadcrumbList\",\"@id\":\"https:\\\/\\\/www.debus-gmbh.de\\\/en\\\/dust-extraction-systems\\\/dust-extractors-for-fumes-and-mist\\\/#breadcrumb\",\"itemListElement\":[{\"@type\":\"ListItem\",\"position\":1,\"name\":\"Startseite\",\"item\":\"https:\\\/\\\/www.debus-gmbh.de\\\/en\\\/\"},{\"@type\":\"ListItem\",\"position\":2,\"name\":\"Dedusting Systems\",\"item\":\"https:\\\/\\\/www.debus-gmbh.de\\\/en\\\/dust-extraction-systems\\\/\"},{\"@type\":\"ListItem\",\"position\":3,\"name\":\"Dust Extractors for Fumes and Mist\"}]},{\"@type\":\"WebSite\",\"@id\":\"https:\\\/\\\/www.debus-gmbh.de\\\/#website\",\"url\":\"https:\\\/\\\/www.debus-gmbh.de\\\/\",\"name\":\"www.debus-gmbh.de\",\"description\":\"Just another WordPress site\",\"potentialAction\":[{\"@type\":\"SearchAction\",\"target\":{\"@type\":\"EntryPoint\",\"urlTemplate\":\"https:\\\/\\\/www.debus-gmbh.de\\\/?s={search_term_string}\"},\"query-input\":{\"@type\":\"PropertyValueSpecification\",\"valueRequired\":true,\"valueName\":\"search_term_string\"}}],\"inLanguage\":\"en-US\"}]}<\/script>\n<!-- \/ Yoast SEO plugin. -->","yoast_head_json":{"title":"Dust Extractors for Fumes and Mist - www.debus-gmbh.de","description":"During numerous manufacturing processes oil fume and oil smoke build up. Those oil fumes and oil smokes have negative effects on your employees' health, work safety as well as the productivity and\u00a0profitability of your machines.","robots":{"index":"index","follow":"follow","max-snippet":"max-snippet:-1","max-image-preview":"max-image-preview:large","max-video-preview":"max-video-preview:-1"},"canonical":"https:\/\/www.debus-gmbh.de\/en\/dust-extraction-systems\/dust-extractors-for-fumes-and-mist\/","og_locale":"en_US","og_type":"article","og_title":"Dust Extractors for Fumes and Mist - www.debus-gmbh.de","og_description":"During numerous manufacturing processes oil fume and oil smoke build up. Those oil fumes and oil smokes have negative effects on your employees' health, work safety as well as the productivity and\u00a0profitability of your machines.","og_url":"https:\/\/www.debus-gmbh.de\/en\/dust-extraction-systems\/dust-extractors-for-fumes-and-mist\/","og_site_name":"www.debus-gmbh.de","article_modified_time":"2019-07-24T02:41:47+00:00","twitter_card":"summary_large_image","twitter_misc":{"Est. reading time":"2 minutes"},"schema":{"@context":"https:\/\/schema.org","@graph":[{"@type":"WebPage","@id":"https:\/\/www.debus-gmbh.de\/en\/dust-extraction-systems\/dust-extractors-for-fumes-and-mist\/","url":"https:\/\/www.debus-gmbh.de\/en\/dust-extraction-systems\/dust-extractors-for-fumes-and-mist\/","name":"Dust Extractors for Fumes and Mist - www.debus-gmbh.de","isPartOf":{"@id":"https:\/\/www.debus-gmbh.de\/#website"},"datePublished":"2019-04-02T09:53:09+00:00","dateModified":"2019-07-24T02:41:47+00:00","description":"During numerous manufacturing processes oil fume and oil smoke build up. Those oil fumes and oil smokes have negative effects on your employees' health, work safety as well as the productivity and\u00a0profitability of your machines.","breadcrumb":{"@id":"https:\/\/www.debus-gmbh.de\/en\/dust-extraction-systems\/dust-extractors-for-fumes-and-mist\/#breadcrumb"},"inLanguage":"en-US","potentialAction":[{"@type":"ReadAction","target":["https:\/\/www.debus-gmbh.de\/en\/dust-extraction-systems\/dust-extractors-for-fumes-and-mist\/"]}]},{"@type":"BreadcrumbList","@id":"https:\/\/www.debus-gmbh.de\/en\/dust-extraction-systems\/dust-extractors-for-fumes-and-mist\/#breadcrumb","itemListElement":[{"@type":"ListItem","position":1,"name":"Startseite","item":"https:\/\/www.debus-gmbh.de\/en\/"},{"@type":"ListItem","position":2,"name":"Dedusting Systems","item":"https:\/\/www.debus-gmbh.de\/en\/dust-extraction-systems\/"},{"@type":"ListItem","position":3,"name":"Dust Extractors for Fumes and Mist"}]},{"@type":"WebSite","@id":"https:\/\/www.debus-gmbh.de\/#website","url":"https:\/\/www.debus-gmbh.de\/","name":"www.debus-gmbh.de","description":"Just another WordPress site","potentialAction":[{"@type":"SearchAction","target":{"@type":"EntryPoint","urlTemplate":"https:\/\/www.debus-gmbh.de\/?s={search_term_string}"},"query-input":{"@type":"PropertyValueSpecification","valueRequired":true,"valueName":"search_term_string"}}],"inLanguage":"en-US"}]}},"_links":{"self":[{"href":"https:\/\/www.debus-gmbh.de\/en\/wp-json\/wp\/v2\/pages\/14993","targetHints":{"allow":["GET"]}}],"collection":[{"href":"https:\/\/www.debus-gmbh.de\/en\/wp-json\/wp\/v2\/pages"}],"about":[{"href":"https:\/\/www.debus-gmbh.de\/en\/wp-json\/wp\/v2\/types\/page"}],"author":[{"embeddable":true,"href":"https:\/\/www.debus-gmbh.de\/en\/wp-json\/wp\/v2\/users\/1"}],"replies":[{"embeddable":true,"href":"https:\/\/www.debus-gmbh.de\/en\/wp-json\/wp\/v2\/comments?post=14993"}],"version-history":[{"count":0,"href":"https:\/\/www.debus-gmbh.de\/en\/wp-json\/wp\/v2\/pages\/14993\/revisions"}],"up":[{"embeddable":true,"href":"https:\/\/www.debus-gmbh.de\/en\/wp-json\/wp\/v2\/pages\/15145"}],"wp:attachment":[{"href":"https:\/\/www.debus-gmbh.de\/en\/wp-json\/wp\/v2\/media?parent=14993"}],"wp:term":[{"taxonomy":"anwendung","embeddable":true,"href":"https:\/\/www.debus-gmbh.de\/en\/wp-json\/wp\/v2\/anwendung?post=14993"}],"curies":[{"name":"wp","href":"https:\/\/api.w.org\/{rel}","templated":true}]}}