{"id":14994,"date":"2019-04-03T10:00:26","date_gmt":"2019-04-03T10:00:26","guid":{"rendered":"https:\/\/www.debus-gmbh.de\/dust-extractors-for-gases-and-odors\/"},"modified":"2019-04-03T10:00:26","modified_gmt":"2019-04-03T10:00:26","slug":"dust-extractors-for-gases-and-odors","status":"publish","type":"page","link":"https:\/\/www.debus-gmbh.de\/en\/dust-extraction-systems\/dust-extractors-for-gases-and-odors\/","title":{"rendered":"Dust Extractors for Gases and Odors"},"content":{"rendered":"<p>Many industrial areas have one thing in common: during manufacturing processes health-harming gases and odors evolve. Headaches, conjunctivitises, early fatigue and damages to the respiratory system are results of inhaling polluted air.<br \/>\nThe extraction of harmful substances directly from its source is compulsory according to the workers&#8217; compensation board&#8217;s regulations regarding safety and health at work.<\/p>\n<p>Air pollutions, including gases, fumes and odors, occur in various industrial areas. Especially the metal- and timber industry are major distributors due to their machining processes. Similarly effected by malodor and toxic fumes are the food industry, coal industry as well as the rubber industry and plastic industry.<\/p>\n<p>The extraction of easily flammable fumes always requires EX-protected Extraction Systems to ensure ideal safety at all times. Our filter systems are build according to the regulations for explosion endangered areas including an appropiate EX- ventilator.<\/p>\n<p>All filter systems for solvents or adhesive\/ laser fumes offer ideal solutions for long-term extraction and filtering of harmful substances. The polluted air gets sucked in directly from its source with for example extraction arms, under table extractions or vacuum slot channels. The vacuumed substances get lead to the filter device through a suction hose system or an individually designed pipe to meet your exact requirements. The gassy or vaporous air pollutions get &#8220;absorbed&#8221; by Active Carbon Filters. Absorption, the binding of gases and fumes on the surface of a solid porous material (Active Carbon). When seperating different types of gases and fumes, differently waterproof Active Carbon Filters are required. The filtering consists of three steps &#8211; prefilter mat and\/or aluminium knit, HEPA-filter and active carbon filter. The cleansed air remains in the work space. The filter exchange takes place comfortably through a maintanance access. The active carbon filter can be refilled repeatedly.<\/p>\n<div class=\"hs_custom_projects et_pb_portfolio_grid et_pb_row et_pb_row_2 et_pb_row_4col\" style=\"width:100%;padding:0;\"><div class=\"post-15422 project type-project status-publish has-post-thumbnail hentry project_category-elektrosauger project_category-industriesauger project_tag-elektrosauger project_tag-industriesauger project_tag-oel-spaene-sauger project_tag-spaenesauger project_tag-staubsauger anwendung-automotive-verkehr-logistik anwendung-dienstleistung-reinigung-instandhaltung anwendung-energie-umwelt-recycling anwendung-kunststoffe anwendung-maschinen-anlagenbau anwendung-metallerzeugung-metallverarbeitung verwendung-fluessigkeiten verwendung-metallspaene verwendung-oel-spaene-gemische et_pb_portfolio_item et_pb_grid_item\" style=\"width: 47.5%; min-width:300px; max-width:500px; max-height: 220px; margin: 1%; clear: none; margin-bottom: 2%;margin-top: 4em;\">\n            \n    <a href=\"https:\/\/www.debus-gmbh.de\/en\/produkt\/testprojekt\/\"><span class=\"et_pb_image_wrap et_portfolio_image\"><img loading=\"lazy\" decoding=\"async\" width=\"1904\" height=\"796\" src=\"https:\/\/www.debus-gmbh.de\/wp-content\/uploads\/2019\/07\/DES-129-3-KW-Rec-ATEX-22.png\" class=\"attachment-high size-high wp-post-image\" alt=\"ATEX Zone 22 Sauger DEBUS DES 129 Reclean 3 KW\" srcset=\"https:\/\/www.debus-gmbh.de\/wp-content\/uploads\/2019\/07\/DES-129-3-KW-Rec-ATEX-22.png 1904w, https:\/\/www.debus-gmbh.de\/wp-content\/uploads\/2019\/07\/DES-129-3-KW-Rec-ATEX-22-300x125.png 300w, https:\/\/www.debus-gmbh.de\/wp-content\/uploads\/2019\/07\/DES-129-3-KW-Rec-ATEX-22-768x321.png 768w, https:\/\/www.debus-gmbh.de\/wp-content\/uploads\/2019\/07\/DES-129-3-KW-Rec-ATEX-22-1024x428.png 1024w\" sizes=\"(max-width: 1904px) 100vw, 1904px\" \/><span class=\"et_overlay\"><\/span><\/span><\/a>\n\n<h2 class=\"et_pb_module_header\">\n     <a href=\"https:\/\/www.debus-gmbh.de\/en\/produkt\/testprojekt\/\">Testprojekt<\/a><\/h2>\n<p class=\"post-meta\"><a href=\"https:\/\/www.debus-gmbh.de\/en\/project_category\/dust-extraction-systems-en\/\">Dust Extraction Systems<\/a><\/p>\n    \n\n    <\/div> \n    <\/div>\n<p>&nbsp;<\/p>\n","protected":false},"excerpt":{"rendered":"<p>This is a test<\/p>\n","protected":false},"author":1,"featured_media":0,"parent":15145,"menu_order":0,"comment_status":"closed","ping_status":"closed","template":"","meta":{"_et_pb_use_builder":"on","_et_pb_old_content":"Viele Branchen haben eines gemeinsam: bei der Produktion, Be- oder Verarbeitung entstehen gesundheitssch\u00e4dliche Gase oder D\u00e4mpfe. Kopfschmerzen, Bindehautreizungen, vorzeitige Erm\u00fcdung und eine Sch\u00e4digung der Atmungsorgane durch Einatmen sind die Folge.\r\nDie Absaugung von Schadstoffen an der Entstehungsstelle ist in den Berufsgenossenschaftlichen Regeln f\u00fcr Sicherheit und Gesundheit bei der Arbeit (BGR121) festgeschrieben.\r\n\r\nLuftbelastungen wie Gase, D\u00e4mpfe und Ger\u00fcche entstehen in den unterschiedlichsten Branchen.\r\nVorallem die Metall- und Holzindustrie z\u00e4hlen aufgrund des Partikelabriebs w\u00e4hrend der Bearbeitung von Werkstoffen zu den betroffenen Verarbeitern, ebenso sind auch die Nahrungsmittelindustrie, die Genussmittelindustrie, sowie die Kohleindustrie, Gummiindustrie und Kunststoffindustrie von unangenehmen Ger\u00fcchen und giftigen D\u00e4mpfen betroffen.\r\n<div>\r\n<p id=\"Text_23\" class=\"\" data-type=\"Text\">Zur Absaugung von leicht entz\u00fcndlichen D\u00e4mpfen ben\u00f6tigt man unbedingt Absauganlagen in EX-gesch\u00fctzter Ausf\u00fchrung. Nur so sind Sie sicher vor einer unbeliebten \u00dcberraschung. Unsere Filteranlagen sind nach den Richtlinien f\u00fcr explosionsgef\u00e4hrdende Bereiche gebaut und mit einem entsprechenden Ex-Ventilator ausgestattet.<\/p>\r\n\r\n<div id=\"Block_31\" class=\"col-md-12\" data-type=\"Block\">\r\n<p id=\"Text_32\" class=\"\" data-type=\"Text\" data-content=\"P\">Alle Filteranlagen f\u00fcr L\u00f6semittel-\/Klebe-\/Laserd\u00e4mpfe bieten ideale L\u00f6sungen f\u00fcr eine dauerhafte und optimale Absaugung und Filterung der Schadstoffe. Die schadstoffhaltige Luft wird \u00fcber praxisgerechte Erfassungselemente (wie Absaugarme, Untertischabsaugungen oder Saugschlitzkan\u00e4le) direkt am Entstehungsort erfasst. \u00dcber ein Schlauchsystem oder eine individuell f\u00fcr den Bedarfsfall konzipierte Rohrleitung werden die abgesaugten Schadstoffe dem Filterger\u00e4t zugef\u00fchrt. Die gas- oder dampff\u00f6rmigen Luftverunreinigungen werden mit Aktivkohle-Filter \"absorbiert\". Absorption, d.h. Bindung von Gasen und D\u00e4mpfen an der Oberfl\u00e4che eines festen por\u00f6sen Stoffes (Aktivkohle). Bei Abscheidung unterschiedlicher Gase und D\u00e4mpfe sind mehrere unterschiedlich impr\u00e4gnierte, Aktivkohleschichten notwendig. Die Filterung erfolgt \u00fcber drei Stufen \u2013 Vorfiltermatte und\/oder Aluminiumgestrick, Schwebstofffilter und Aktivkohlefilter. Die gereinigte Luft kann im Arbeitsraum verbleiben. Der Austausch der Filter erfolgt bequem \u00fcber die Wartungst\u00fcre. Der Aktivkohlefilter kann immer wieder neu bef\u00fcllt werden.<\/p>\r\n[display_product category=\"entstaubungsanlagen\" anwendung=\"all\" verwendung=\"all\" display=\"6\" ]\r\n\r\n<\/div>\r\n<\/div>","_et_gb_content_width":"","footnotes":""},"anwendung":[24,26,27,28,34,37,29,30],"class_list":["post-14994","page","type-page","status-publish","hentry","anwendung-automotive-verkehr-logistik","anwendung-chemie-pharma-rohstoffe","anwendung-dienstleistung-reinigung-instandhaltung","anwendung-energie-umwelt-recycling","anwendung-glasindustrie","anwendung-kraftwerke","anwendung-kunststoffe","anwendung-maschinen-anlagenbau"],"yoast_head":"<!-- This site is optimized with the Yoast SEO plugin v27.3 - https:\/\/yoast.com\/product\/yoast-seo-wordpress\/ -->\n<title>Dust Extractors for Gases and Odors - www.debus-gmbh.de<\/title>\n<meta name=\"robots\" content=\"index, follow, max-snippet:-1, max-image-preview:large, max-video-preview:-1\" \/>\n<link rel=\"canonical\" href=\"https:\/\/www.debus-gmbh.de\/en\/dust-extraction-systems\/dust-extractors-for-gases-and-odors\/\" \/>\n<meta property=\"og:locale\" content=\"en_US\" \/>\n<meta property=\"og:type\" content=\"article\" \/>\n<meta property=\"og:title\" content=\"Dust Extractors for Gases and Odors - www.debus-gmbh.de\" \/>\n<meta property=\"og:description\" content=\"This is a test\" \/>\n<meta property=\"og:url\" content=\"https:\/\/www.debus-gmbh.de\/en\/dust-extraction-systems\/dust-extractors-for-gases-and-odors\/\" \/>\n<meta property=\"og:site_name\" content=\"www.debus-gmbh.de\" \/>\n<meta name=\"twitter:card\" content=\"summary_large_image\" \/>\n<meta name=\"twitter:label1\" content=\"Est. reading time\" \/>\n\t<meta name=\"twitter:data1\" content=\"2 minutes\" \/>\n<script type=\"application\/ld+json\" class=\"yoast-schema-graph\">{\"@context\":\"https:\\\/\\\/schema.org\",\"@graph\":[{\"@type\":\"WebPage\",\"@id\":\"https:\\\/\\\/www.debus-gmbh.de\\\/en\\\/dust-extraction-systems\\\/dust-extractors-for-gases-and-odors\\\/\",\"url\":\"https:\\\/\\\/www.debus-gmbh.de\\\/en\\\/dust-extraction-systems\\\/dust-extractors-for-gases-and-odors\\\/\",\"name\":\"Dust Extractors for Gases and Odors - www.debus-gmbh.de\",\"isPartOf\":{\"@id\":\"https:\\\/\\\/www.debus-gmbh.de\\\/#website\"},\"datePublished\":\"2019-04-03T10:00:26+00:00\",\"breadcrumb\":{\"@id\":\"https:\\\/\\\/www.debus-gmbh.de\\\/en\\\/dust-extraction-systems\\\/dust-extractors-for-gases-and-odors\\\/#breadcrumb\"},\"inLanguage\":\"en-US\",\"potentialAction\":[{\"@type\":\"ReadAction\",\"target\":[\"https:\\\/\\\/www.debus-gmbh.de\\\/en\\\/dust-extraction-systems\\\/dust-extractors-for-gases-and-odors\\\/\"]}]},{\"@type\":\"BreadcrumbList\",\"@id\":\"https:\\\/\\\/www.debus-gmbh.de\\\/en\\\/dust-extraction-systems\\\/dust-extractors-for-gases-and-odors\\\/#breadcrumb\",\"itemListElement\":[{\"@type\":\"ListItem\",\"position\":1,\"name\":\"Startseite\",\"item\":\"https:\\\/\\\/www.debus-gmbh.de\\\/en\\\/\"},{\"@type\":\"ListItem\",\"position\":2,\"name\":\"Dedusting Systems\",\"item\":\"https:\\\/\\\/www.debus-gmbh.de\\\/en\\\/dust-extraction-systems\\\/\"},{\"@type\":\"ListItem\",\"position\":3,\"name\":\"Dust Extractors for Gases and Odors\"}]},{\"@type\":\"WebSite\",\"@id\":\"https:\\\/\\\/www.debus-gmbh.de\\\/#website\",\"url\":\"https:\\\/\\\/www.debus-gmbh.de\\\/\",\"name\":\"www.debus-gmbh.de\",\"description\":\"Just another WordPress site\",\"potentialAction\":[{\"@type\":\"SearchAction\",\"target\":{\"@type\":\"EntryPoint\",\"urlTemplate\":\"https:\\\/\\\/www.debus-gmbh.de\\\/?s={search_term_string}\"},\"query-input\":{\"@type\":\"PropertyValueSpecification\",\"valueRequired\":true,\"valueName\":\"search_term_string\"}}],\"inLanguage\":\"en-US\"}]}<\/script>\n<!-- \/ Yoast SEO plugin. -->","yoast_head_json":{"title":"Dust Extractors for Gases and Odors - www.debus-gmbh.de","robots":{"index":"index","follow":"follow","max-snippet":"max-snippet:-1","max-image-preview":"max-image-preview:large","max-video-preview":"max-video-preview:-1"},"canonical":"https:\/\/www.debus-gmbh.de\/en\/dust-extraction-systems\/dust-extractors-for-gases-and-odors\/","og_locale":"en_US","og_type":"article","og_title":"Dust Extractors for Gases and Odors - www.debus-gmbh.de","og_description":"This is a test","og_url":"https:\/\/www.debus-gmbh.de\/en\/dust-extraction-systems\/dust-extractors-for-gases-and-odors\/","og_site_name":"www.debus-gmbh.de","twitter_card":"summary_large_image","twitter_misc":{"Est. reading time":"2 minutes"},"schema":{"@context":"https:\/\/schema.org","@graph":[{"@type":"WebPage","@id":"https:\/\/www.debus-gmbh.de\/en\/dust-extraction-systems\/dust-extractors-for-gases-and-odors\/","url":"https:\/\/www.debus-gmbh.de\/en\/dust-extraction-systems\/dust-extractors-for-gases-and-odors\/","name":"Dust Extractors for Gases and Odors - www.debus-gmbh.de","isPartOf":{"@id":"https:\/\/www.debus-gmbh.de\/#website"},"datePublished":"2019-04-03T10:00:26+00:00","breadcrumb":{"@id":"https:\/\/www.debus-gmbh.de\/en\/dust-extraction-systems\/dust-extractors-for-gases-and-odors\/#breadcrumb"},"inLanguage":"en-US","potentialAction":[{"@type":"ReadAction","target":["https:\/\/www.debus-gmbh.de\/en\/dust-extraction-systems\/dust-extractors-for-gases-and-odors\/"]}]},{"@type":"BreadcrumbList","@id":"https:\/\/www.debus-gmbh.de\/en\/dust-extraction-systems\/dust-extractors-for-gases-and-odors\/#breadcrumb","itemListElement":[{"@type":"ListItem","position":1,"name":"Startseite","item":"https:\/\/www.debus-gmbh.de\/en\/"},{"@type":"ListItem","position":2,"name":"Dedusting Systems","item":"https:\/\/www.debus-gmbh.de\/en\/dust-extraction-systems\/"},{"@type":"ListItem","position":3,"name":"Dust Extractors for Gases and Odors"}]},{"@type":"WebSite","@id":"https:\/\/www.debus-gmbh.de\/#website","url":"https:\/\/www.debus-gmbh.de\/","name":"www.debus-gmbh.de","description":"Just another WordPress site","potentialAction":[{"@type":"SearchAction","target":{"@type":"EntryPoint","urlTemplate":"https:\/\/www.debus-gmbh.de\/?s={search_term_string}"},"query-input":{"@type":"PropertyValueSpecification","valueRequired":true,"valueName":"search_term_string"}}],"inLanguage":"en-US"}]}},"_links":{"self":[{"href":"https:\/\/www.debus-gmbh.de\/en\/wp-json\/wp\/v2\/pages\/14994","targetHints":{"allow":["GET"]}}],"collection":[{"href":"https:\/\/www.debus-gmbh.de\/en\/wp-json\/wp\/v2\/pages"}],"about":[{"href":"https:\/\/www.debus-gmbh.de\/en\/wp-json\/wp\/v2\/types\/page"}],"author":[{"embeddable":true,"href":"https:\/\/www.debus-gmbh.de\/en\/wp-json\/wp\/v2\/users\/1"}],"replies":[{"embeddable":true,"href":"https:\/\/www.debus-gmbh.de\/en\/wp-json\/wp\/v2\/comments?post=14994"}],"version-history":[{"count":0,"href":"https:\/\/www.debus-gmbh.de\/en\/wp-json\/wp\/v2\/pages\/14994\/revisions"}],"up":[{"embeddable":true,"href":"https:\/\/www.debus-gmbh.de\/en\/wp-json\/wp\/v2\/pages\/15145"}],"wp:attachment":[{"href":"https:\/\/www.debus-gmbh.de\/en\/wp-json\/wp\/v2\/media?parent=14994"}],"wp:term":[{"taxonomy":"anwendung","embeddable":true,"href":"https:\/\/www.debus-gmbh.de\/en\/wp-json\/wp\/v2\/anwendung?post=14994"}],"curies":[{"name":"wp","href":"https:\/\/api.w.org\/{rel}","templated":true}]}}