{"id":15000,"date":"2019-04-10T11:33:27","date_gmt":"2019-04-10T11:33:27","guid":{"rendered":"https:\/\/www.debus-gmbh.de\/dry-dust-extraction\/"},"modified":"2019-04-10T11:33:27","modified_gmt":"2019-04-10T11:33:27","slug":"dry-dust-extraction","status":"publish","type":"page","link":"https:\/\/www.debus-gmbh.de\/en\/dust-extraction-systems\/dry-dust-extraction\/","title":{"rendered":"Dry-Dust Extraction"},"content":{"rendered":"<p>During many industrial processes clean air serves as a work medium and changes its composition\/ absorbs foreign matter, which reduces the original air quality or even pollutes it to a health damaging degree. As a result\u00a0 a lot of health damaging, toxic as well as explosive dusts emerge that harm your employees and machines. To lead the air back into the atmosphere after processing, all the foreign substances in the air have to be detracted.<\/p>\n<p>If fine or gross dust: Our DEBUS Dust Extraction Systems remove pollution reliably and keep your air and work space clean. Machines and measuring tools do not get dirty anymore so that cleaning processes take place in longer intervals. Especially regarding the measuring tools our Dust Extraction Systems have immense benefits. Our products ensure the accuracy of your measurements and therefore let you maintain a continuously high quality standard. Additionally the manufacturing machines get polluted less which results in durability and longer operating times. Last but not least, our Dust Extraction System make your employees breathe freely again.<\/p>\n<p>Our Dust Extractors are concepted for all areas of application wthin industry and trade. Our products operate with an innovative concept of individual components using modular construction methods which can therefore be adapted for all types of work. We will gladly help you find the right Extraction System for your company and your exact application purpose. Simply use our contact form or call us. Together we will establish a clean work space!<\/p>\n<p><strong>Timber Dust<\/strong><br \/>\nFor the efficient and safe extraction of timber dusts we offer certified vacuum cleaners that comply with the Working Conditions Act as well as the Worker Protection. Of course we provide different levels of power, reaching from 790m\u00b3\/h to a maximum volume flow of 6.000m\u00b3\/h.<\/p>\n<p>These features make our Extraction Systems the perfect solution for the timber industry, the perfect solution for Dust Extractions in timber trade as well as for carpentry but also for the extraction of paper, recycling materials, synthetic materials, production lines or filling systems.<\/p>\n<div class=\"hs_custom_projects et_pb_portfolio_grid et_pb_row et_pb_row_2 et_pb_row_4col\" style=\"width:100%;padding:0;\"><div class=\"post-15422 project type-project status-publish has-post-thumbnail hentry project_category-elektrosauger project_category-industriesauger project_tag-elektrosauger project_tag-industriesauger project_tag-oel-spaene-sauger project_tag-spaenesauger project_tag-staubsauger anwendung-automotive-verkehr-logistik anwendung-dienstleistung-reinigung-instandhaltung anwendung-energie-umwelt-recycling anwendung-kunststoffe anwendung-maschinen-anlagenbau anwendung-metallerzeugung-metallverarbeitung verwendung-fluessigkeiten verwendung-metallspaene verwendung-oel-spaene-gemische et_pb_portfolio_item et_pb_grid_item\" style=\"width: 47.5%; min-width:300px; max-width:500px; max-height: 220px; margin: 1%; clear: none; margin-bottom: 2%;margin-top: 4em;\">\n            \n    <a href=\"https:\/\/www.debus-gmbh.de\/en\/produkt\/testprojekt\/\"><span class=\"et_pb_image_wrap et_portfolio_image\"><img loading=\"lazy\" decoding=\"async\" width=\"1904\" height=\"796\" src=\"https:\/\/www.debus-gmbh.de\/wp-content\/uploads\/2019\/07\/DES-129-3-KW-Rec-ATEX-22.png\" class=\"attachment-high size-high wp-post-image\" alt=\"ATEX Zone 22 Sauger DEBUS DES 129 Reclean 3 KW\" srcset=\"https:\/\/www.debus-gmbh.de\/wp-content\/uploads\/2019\/07\/DES-129-3-KW-Rec-ATEX-22.png 1904w, https:\/\/www.debus-gmbh.de\/wp-content\/uploads\/2019\/07\/DES-129-3-KW-Rec-ATEX-22-300x125.png 300w, https:\/\/www.debus-gmbh.de\/wp-content\/uploads\/2019\/07\/DES-129-3-KW-Rec-ATEX-22-768x321.png 768w, https:\/\/www.debus-gmbh.de\/wp-content\/uploads\/2019\/07\/DES-129-3-KW-Rec-ATEX-22-1024x428.png 1024w\" sizes=\"(max-width: 1904px) 100vw, 1904px\" \/><span class=\"et_overlay\"><\/span><\/span><\/a>\n\n<h2 class=\"et_pb_module_header\">\n     <a href=\"https:\/\/www.debus-gmbh.de\/en\/produkt\/testprojekt\/\">Testprojekt<\/a><\/h2>\n<p class=\"post-meta\"><a href=\"https:\/\/www.debus-gmbh.de\/en\/project_category\/dust-extraction-systems-en\/\">Dust Extraction Systems<\/a><\/p>\n    \n\n    <\/div> \n    <\/div>\n","protected":false},"excerpt":{"rendered":"<p>This is a test<\/p>\n","protected":false},"author":1,"featured_media":0,"parent":15145,"menu_order":0,"comment_status":"closed","ping_status":"closed","template":"","meta":{"_et_pb_use_builder":"off","_et_pb_old_content":"<p>In vielen industriellen Prozessen dient Luft als Arbeitsmedium und wird dabei in der Zusammensetzung ver\u00e4ndert bzw. nimmt Fremdstoffe auf, z.B. bei der pneumatischen Sch\u00fcttgutf\u00f6rderung.<\/p><p>Viele St\u00e4ube sind gesundheitssch\u00e4dlich, toxisch oder explosionsf\u00e4hig und sch\u00e4digen Mensch und Umwelt.<br \/>Soll die Luft sp\u00e4ter wieder aus dem Prozess in die Atmosph\u00e4re zur\u00fcck gef\u00fchrt werden, m\u00fcssen die Fremdstoffe dieser Luft entzogen werden. Oft wird als Arbeitsmedium auch ein anderes Gas verwendet, beispielsweise Stickstoff.<\/p><p>Auch dann m\u00fcssen die Fremdstoffe gefiltert werden, um entweder das gereinigte Gas in den Prozess zur\u00fcckf\u00fchren zu k\u00f6nnen oder wertvolle Produkte zur\u00fcck zu gewinnen.<\/p>","_et_gb_content_width":"","footnotes":""},"anwendung":[],"class_list":["post-15000","page","type-page","status-publish","hentry"],"yoast_head":"<!-- This site is optimized with the Yoast SEO plugin v27.5 - https:\/\/yoast.com\/product\/yoast-seo-wordpress\/ -->\n<title>Mobile Extraction Systems for Timber, Fumes, Dust and Chips<\/title>\n<meta name=\"description\" content=\"Mobile Extraction Systems for Trade &amp; Industry. A professional mobile Extraction System from DEBUS is suitable for the removal of Dust, Smoke, Fumes and Chips.\" \/>\n<meta name=\"robots\" content=\"index, follow, max-snippet:-1, max-image-preview:large, max-video-preview:-1\" \/>\n<link rel=\"canonical\" href=\"https:\/\/www.debus-gmbh.de\/en\/dust-extraction-systems\/dry-dust-extraction\/\" \/>\n<meta property=\"og:locale\" content=\"en_US\" \/>\n<meta property=\"og:type\" content=\"article\" \/>\n<meta property=\"og:title\" content=\"Mobile Extraction Systems for Timber, Fumes, Dust and Chips\" \/>\n<meta property=\"og:description\" content=\"Mobile Extraction Systems for Trade &amp; Industry. A professional mobile Extraction System from DEBUS is suitable for the removal of Dust, Smoke, Fumes and Chips.\" \/>\n<meta property=\"og:url\" content=\"https:\/\/www.debus-gmbh.de\/en\/dust-extraction-systems\/dry-dust-extraction\/\" \/>\n<meta property=\"og:site_name\" content=\"www.debus-gmbh.de\" \/>\n<meta name=\"twitter:card\" content=\"summary_large_image\" \/>\n<meta name=\"twitter:label1\" content=\"Est. reading time\" \/>\n\t<meta name=\"twitter:data1\" content=\"2 minutes\" \/>\n<script type=\"application\/ld+json\" class=\"yoast-schema-graph\">{\"@context\":\"https:\\\/\\\/schema.org\",\"@graph\":[{\"@type\":\"WebPage\",\"@id\":\"https:\\\/\\\/www.debus-gmbh.de\\\/en\\\/dust-extraction-systems\\\/dry-dust-extraction\\\/\",\"url\":\"https:\\\/\\\/www.debus-gmbh.de\\\/en\\\/dust-extraction-systems\\\/dry-dust-extraction\\\/\",\"name\":\"Mobile Extraction Systems for Timber, Fumes, Dust and Chips\",\"isPartOf\":{\"@id\":\"https:\\\/\\\/www.debus-gmbh.de\\\/#website\"},\"datePublished\":\"2019-04-10T11:33:27+00:00\",\"description\":\"Mobile Extraction Systems for Trade & Industry. A professional mobile Extraction System from DEBUS is suitable for the removal of Dust, Smoke, Fumes and Chips.\",\"breadcrumb\":{\"@id\":\"https:\\\/\\\/www.debus-gmbh.de\\\/en\\\/dust-extraction-systems\\\/dry-dust-extraction\\\/#breadcrumb\"},\"inLanguage\":\"en-US\",\"potentialAction\":[{\"@type\":\"ReadAction\",\"target\":[\"https:\\\/\\\/www.debus-gmbh.de\\\/en\\\/dust-extraction-systems\\\/dry-dust-extraction\\\/\"]}]},{\"@type\":\"BreadcrumbList\",\"@id\":\"https:\\\/\\\/www.debus-gmbh.de\\\/en\\\/dust-extraction-systems\\\/dry-dust-extraction\\\/#breadcrumb\",\"itemListElement\":[{\"@type\":\"ListItem\",\"position\":1,\"name\":\"Startseite\",\"item\":\"https:\\\/\\\/www.debus-gmbh.de\\\/en\\\/\"},{\"@type\":\"ListItem\",\"position\":2,\"name\":\"Dedusting Systems\",\"item\":\"https:\\\/\\\/www.debus-gmbh.de\\\/en\\\/dust-extraction-systems\\\/\"},{\"@type\":\"ListItem\",\"position\":3,\"name\":\"Dry-Dust Extraction\"}]},{\"@type\":\"WebSite\",\"@id\":\"https:\\\/\\\/www.debus-gmbh.de\\\/#website\",\"url\":\"https:\\\/\\\/www.debus-gmbh.de\\\/\",\"name\":\"www.debus-gmbh.de\",\"description\":\"Just another WordPress site\",\"potentialAction\":[{\"@type\":\"SearchAction\",\"target\":{\"@type\":\"EntryPoint\",\"urlTemplate\":\"https:\\\/\\\/www.debus-gmbh.de\\\/?s={search_term_string}\"},\"query-input\":{\"@type\":\"PropertyValueSpecification\",\"valueRequired\":true,\"valueName\":\"search_term_string\"}}],\"inLanguage\":\"en-US\"}]}<\/script>\n<!-- \/ Yoast SEO plugin. -->","yoast_head_json":{"title":"Mobile Extraction Systems for Timber, Fumes, Dust and Chips","description":"Mobile Extraction Systems for Trade & Industry. A professional mobile Extraction System from DEBUS is suitable for the removal of Dust, Smoke, Fumes and Chips.","robots":{"index":"index","follow":"follow","max-snippet":"max-snippet:-1","max-image-preview":"max-image-preview:large","max-video-preview":"max-video-preview:-1"},"canonical":"https:\/\/www.debus-gmbh.de\/en\/dust-extraction-systems\/dry-dust-extraction\/","og_locale":"en_US","og_type":"article","og_title":"Mobile Extraction Systems for Timber, Fumes, Dust and Chips","og_description":"Mobile Extraction Systems for Trade & Industry. A professional mobile Extraction System from DEBUS is suitable for the removal of Dust, Smoke, Fumes and Chips.","og_url":"https:\/\/www.debus-gmbh.de\/en\/dust-extraction-systems\/dry-dust-extraction\/","og_site_name":"www.debus-gmbh.de","twitter_card":"summary_large_image","twitter_misc":{"Est. reading time":"2 minutes"},"schema":{"@context":"https:\/\/schema.org","@graph":[{"@type":"WebPage","@id":"https:\/\/www.debus-gmbh.de\/en\/dust-extraction-systems\/dry-dust-extraction\/","url":"https:\/\/www.debus-gmbh.de\/en\/dust-extraction-systems\/dry-dust-extraction\/","name":"Mobile Extraction Systems for Timber, Fumes, Dust and Chips","isPartOf":{"@id":"https:\/\/www.debus-gmbh.de\/#website"},"datePublished":"2019-04-10T11:33:27+00:00","description":"Mobile Extraction Systems for Trade & Industry. A professional mobile Extraction System from DEBUS is suitable for the removal of Dust, Smoke, Fumes and Chips.","breadcrumb":{"@id":"https:\/\/www.debus-gmbh.de\/en\/dust-extraction-systems\/dry-dust-extraction\/#breadcrumb"},"inLanguage":"en-US","potentialAction":[{"@type":"ReadAction","target":["https:\/\/www.debus-gmbh.de\/en\/dust-extraction-systems\/dry-dust-extraction\/"]}]},{"@type":"BreadcrumbList","@id":"https:\/\/www.debus-gmbh.de\/en\/dust-extraction-systems\/dry-dust-extraction\/#breadcrumb","itemListElement":[{"@type":"ListItem","position":1,"name":"Startseite","item":"https:\/\/www.debus-gmbh.de\/en\/"},{"@type":"ListItem","position":2,"name":"Dedusting Systems","item":"https:\/\/www.debus-gmbh.de\/en\/dust-extraction-systems\/"},{"@type":"ListItem","position":3,"name":"Dry-Dust Extraction"}]},{"@type":"WebSite","@id":"https:\/\/www.debus-gmbh.de\/#website","url":"https:\/\/www.debus-gmbh.de\/","name":"www.debus-gmbh.de","description":"Just another WordPress site","potentialAction":[{"@type":"SearchAction","target":{"@type":"EntryPoint","urlTemplate":"https:\/\/www.debus-gmbh.de\/?s={search_term_string}"},"query-input":{"@type":"PropertyValueSpecification","valueRequired":true,"valueName":"search_term_string"}}],"inLanguage":"en-US"}]}},"_links":{"self":[{"href":"https:\/\/www.debus-gmbh.de\/en\/wp-json\/wp\/v2\/pages\/15000","targetHints":{"allow":["GET"]}}],"collection":[{"href":"https:\/\/www.debus-gmbh.de\/en\/wp-json\/wp\/v2\/pages"}],"about":[{"href":"https:\/\/www.debus-gmbh.de\/en\/wp-json\/wp\/v2\/types\/page"}],"author":[{"embeddable":true,"href":"https:\/\/www.debus-gmbh.de\/en\/wp-json\/wp\/v2\/users\/1"}],"replies":[{"embeddable":true,"href":"https:\/\/www.debus-gmbh.de\/en\/wp-json\/wp\/v2\/comments?post=15000"}],"version-history":[{"count":0,"href":"https:\/\/www.debus-gmbh.de\/en\/wp-json\/wp\/v2\/pages\/15000\/revisions"}],"up":[{"embeddable":true,"href":"https:\/\/www.debus-gmbh.de\/en\/wp-json\/wp\/v2\/pages\/15145"}],"wp:attachment":[{"href":"https:\/\/www.debus-gmbh.de\/en\/wp-json\/wp\/v2\/media?parent=15000"}],"wp:term":[{"taxonomy":"anwendung","embeddable":true,"href":"https:\/\/www.debus-gmbh.de\/en\/wp-json\/wp\/v2\/anwendung?post=15000"}],"curies":[{"name":"wp","href":"https:\/\/api.w.org\/{rel}","templated":true}]}}