{"id":15202,"date":"2019-06-24T12:08:33","date_gmt":"2019-06-24T12:08:33","guid":{"rendered":"https:\/\/www.debus-gmbh.de\/get-in-touch-with-us\/"},"modified":"2019-06-24T12:08:33","modified_gmt":"2019-06-24T12:08:33","slug":"get-in-touch-with-us","status":"publish","type":"page","link":"https:\/\/www.debus-gmbh.de\/en\/get-in-touch-with-us\/","title":{"rendered":"Get in touch with us"},"content":{"rendered":"<p>Get in touch with us by phone, email or simply fill out our contact form below at any time. You can leave a message in German, English, Frensh, Polish, Spanish or Dutch &#8211; <strong><a href=\"mailto:info@debus-gmbh.de\">info@debus-gmbh.de<\/a><\/strong> . The marked (*) fields are mandatory fields. [contact-form-7 id=&#8221;13164&#8243; title=&#8221;Kontaktformular 1&#8243;]<\/p>\n","protected":false},"excerpt":{"rendered":"<p>Get in touch with us by phone, email or simply fill out our contact form below at any time. You can leave a message in German, English, Frensh, Polish, Spanish or Dutch &#8211; info@debus-gmbh.de . The marked (*) fields are mandatory fields. [contact-form-7 id=&#8221;13164&#8243; title=&#8221;Kontaktformular 1&#8243;]<\/p>\n","protected":false},"author":1,"featured_media":0,"parent":0,"menu_order":0,"comment_status":"closed","ping_status":"closed","template":"","meta":{"_et_pb_use_builder":"off","_et_pb_old_content":"Sie k\u00f6nnen uns telefonisch, <a href=\"mailto:info@debus-gmbh.de\">per Email<\/a> oder \u00fcber unser Kontaktformular jederzeit erreichen.\r\nIn den folgenden Sprachen k\u00f6nnen Sie uns eine Nachricht hinterlassen: Deutsch, Englisch, Franz\u00f6sisch, Polnisch, Spanisch, Holl\u00e4ndisch.\r\n\r\n<strong>We speak english, french, polish, spanish and dutch - please contact us under <a href=\"mailto:info@debus-gmbh.de\">info@debus-gmbh.de<\/a><\/strong>\r\n\r\nDie mit einem * versehenen Felder sind Pflichtfelder.\r\n\r\n[contact-form-7 id=\"13164\" title=\"Kontaktformular 1\"]","_et_gb_content_width":"","footnotes":""},"anwendung":[],"class_list":["post-15202","page","type-page","status-publish","hentry"],"yoast_head":"<!-- This site is optimized with the Yoast SEO plugin v27.5 - https:\/\/yoast.com\/product\/yoast-seo-wordpress\/ -->\n<title>Get in touch with us - www.debus-gmbh.de<\/title>\n<meta name=\"robots\" content=\"index, follow, max-snippet:-1, max-image-preview:large, max-video-preview:-1\" \/>\n<link rel=\"canonical\" href=\"https:\/\/www.debus-gmbh.de\/en\/get-in-touch-with-us\/\" \/>\n<meta property=\"og:locale\" content=\"en_US\" \/>\n<meta property=\"og:type\" content=\"article\" \/>\n<meta property=\"og:title\" content=\"Get in touch with us - www.debus-gmbh.de\" \/>\n<meta property=\"og:description\" content=\"Get in touch with us by phone, email or simply fill out our contact form below at any time. You can leave a message in German, English, Frensh, Polish, Spanish or Dutch &#8211; info@debus-gmbh.de . The marked (*) fields are mandatory fields. [contact-form-7 id=&#8221;13164&#8243; title=&#8221;Kontaktformular 1&#8243;]\" \/>\n<meta property=\"og:url\" content=\"https:\/\/www.debus-gmbh.de\/en\/get-in-touch-with-us\/\" \/>\n<meta property=\"og:site_name\" content=\"www.debus-gmbh.de\" \/>\n<meta name=\"twitter:card\" content=\"summary_large_image\" \/>\n<script type=\"application\/ld+json\" class=\"yoast-schema-graph\">{\"@context\":\"https:\\\/\\\/schema.org\",\"@graph\":[{\"@type\":\"WebPage\",\"@id\":\"https:\\\/\\\/www.debus-gmbh.de\\\/en\\\/get-in-touch-with-us\\\/\",\"url\":\"https:\\\/\\\/www.debus-gmbh.de\\\/en\\\/get-in-touch-with-us\\\/\",\"name\":\"Get in touch with us - www.debus-gmbh.de\",\"isPartOf\":{\"@id\":\"https:\\\/\\\/www.debus-gmbh.de\\\/#website\"},\"datePublished\":\"2019-06-24T12:08:33+00:00\",\"breadcrumb\":{\"@id\":\"https:\\\/\\\/www.debus-gmbh.de\\\/en\\\/get-in-touch-with-us\\\/#breadcrumb\"},\"inLanguage\":\"en-US\",\"potentialAction\":[{\"@type\":\"ReadAction\",\"target\":[\"https:\\\/\\\/www.debus-gmbh.de\\\/en\\\/get-in-touch-with-us\\\/\"]}]},{\"@type\":\"BreadcrumbList\",\"@id\":\"https:\\\/\\\/www.debus-gmbh.de\\\/en\\\/get-in-touch-with-us\\\/#breadcrumb\",\"itemListElement\":[{\"@type\":\"ListItem\",\"position\":1,\"name\":\"Startseite\",\"item\":\"https:\\\/\\\/www.debus-gmbh.de\\\/en\\\/\"},{\"@type\":\"ListItem\",\"position\":2,\"name\":\"Get in touch with us\"}]},{\"@type\":\"WebSite\",\"@id\":\"https:\\\/\\\/www.debus-gmbh.de\\\/#website\",\"url\":\"https:\\\/\\\/www.debus-gmbh.de\\\/\",\"name\":\"www.debus-gmbh.de\",\"description\":\"Just another WordPress site\",\"potentialAction\":[{\"@type\":\"SearchAction\",\"target\":{\"@type\":\"EntryPoint\",\"urlTemplate\":\"https:\\\/\\\/www.debus-gmbh.de\\\/?s={search_term_string}\"},\"query-input\":{\"@type\":\"PropertyValueSpecification\",\"valueRequired\":true,\"valueName\":\"search_term_string\"}}],\"inLanguage\":\"en-US\"}]}<\/script>\n<!-- \/ Yoast SEO plugin. -->","yoast_head_json":{"title":"Get in touch with us - www.debus-gmbh.de","robots":{"index":"index","follow":"follow","max-snippet":"max-snippet:-1","max-image-preview":"max-image-preview:large","max-video-preview":"max-video-preview:-1"},"canonical":"https:\/\/www.debus-gmbh.de\/en\/get-in-touch-with-us\/","og_locale":"en_US","og_type":"article","og_title":"Get in touch with us - www.debus-gmbh.de","og_description":"Get in touch with us by phone, email or simply fill out our contact form below at any time. You can leave a message in German, English, Frensh, Polish, Spanish or Dutch &#8211; info@debus-gmbh.de . The marked (*) fields are mandatory fields. [contact-form-7 id=&#8221;13164&#8243; title=&#8221;Kontaktformular 1&#8243;]","og_url":"https:\/\/www.debus-gmbh.de\/en\/get-in-touch-with-us\/","og_site_name":"www.debus-gmbh.de","twitter_card":"summary_large_image","schema":{"@context":"https:\/\/schema.org","@graph":[{"@type":"WebPage","@id":"https:\/\/www.debus-gmbh.de\/en\/get-in-touch-with-us\/","url":"https:\/\/www.debus-gmbh.de\/en\/get-in-touch-with-us\/","name":"Get in touch with us - www.debus-gmbh.de","isPartOf":{"@id":"https:\/\/www.debus-gmbh.de\/#website"},"datePublished":"2019-06-24T12:08:33+00:00","breadcrumb":{"@id":"https:\/\/www.debus-gmbh.de\/en\/get-in-touch-with-us\/#breadcrumb"},"inLanguage":"en-US","potentialAction":[{"@type":"ReadAction","target":["https:\/\/www.debus-gmbh.de\/en\/get-in-touch-with-us\/"]}]},{"@type":"BreadcrumbList","@id":"https:\/\/www.debus-gmbh.de\/en\/get-in-touch-with-us\/#breadcrumb","itemListElement":[{"@type":"ListItem","position":1,"name":"Startseite","item":"https:\/\/www.debus-gmbh.de\/en\/"},{"@type":"ListItem","position":2,"name":"Get in touch with us"}]},{"@type":"WebSite","@id":"https:\/\/www.debus-gmbh.de\/#website","url":"https:\/\/www.debus-gmbh.de\/","name":"www.debus-gmbh.de","description":"Just another WordPress site","potentialAction":[{"@type":"SearchAction","target":{"@type":"EntryPoint","urlTemplate":"https:\/\/www.debus-gmbh.de\/?s={search_term_string}"},"query-input":{"@type":"PropertyValueSpecification","valueRequired":true,"valueName":"search_term_string"}}],"inLanguage":"en-US"}]}},"_links":{"self":[{"href":"https:\/\/www.debus-gmbh.de\/en\/wp-json\/wp\/v2\/pages\/15202","targetHints":{"allow":["GET"]}}],"collection":[{"href":"https:\/\/www.debus-gmbh.de\/en\/wp-json\/wp\/v2\/pages"}],"about":[{"href":"https:\/\/www.debus-gmbh.de\/en\/wp-json\/wp\/v2\/types\/page"}],"author":[{"embeddable":true,"href":"https:\/\/www.debus-gmbh.de\/en\/wp-json\/wp\/v2\/users\/1"}],"replies":[{"embeddable":true,"href":"https:\/\/www.debus-gmbh.de\/en\/wp-json\/wp\/v2\/comments?post=15202"}],"version-history":[{"count":0,"href":"https:\/\/www.debus-gmbh.de\/en\/wp-json\/wp\/v2\/pages\/15202\/revisions"}],"wp:attachment":[{"href":"https:\/\/www.debus-gmbh.de\/en\/wp-json\/wp\/v2\/media?parent=15202"}],"wp:term":[{"taxonomy":"anwendung","embeddable":true,"href":"https:\/\/www.debus-gmbh.de\/en\/wp-json\/wp\/v2\/anwendung?post=15202"}],"curies":[{"name":"wp","href":"https:\/\/api.w.org\/{rel}","templated":true}]}}