{"id":15274,"date":"2019-06-28T08:12:05","date_gmt":"2019-06-28T08:12:05","guid":{"rendered":"https:\/\/www.debus-gmbh.de\/vacuum-cleaners\/used-vacuum-cleaners\/"},"modified":"2019-07-03T08:58:14","modified_gmt":"2019-07-03T08:58:14","slug":"used-vacuum-cleaners","status":"publish","type":"page","link":"https:\/\/www.debus-gmbh.de\/en\/vacuum-cleaners\/used-vacuum-cleaners\/","title":{"rendered":"Used Vacuum Cleaners"},"content":{"rendered":"<h1 class=\"csc-firstHeader\"><span style=\"font-family: verdana; font-size: medium;\"><b>Used Devices: low-cost DEBUS Industrial Vacuum Cleaners and Extraction Systems in good condition<\/b><\/span><\/h1>\n<p>Benefit from our Used Industrial Vacuum Cleaners and Extraction Sytsems &#8211; former demonstration versions and display devices<\/p>\n<p>The following Used Vacuum Cleaners listed below are currently available:<\/p>\n<table>\n<tbody>\n<tr>\n<th>Get in touch with us! We always have current returns as well as demonstration devices in stock<\/th>\n<th><\/th>\n<th><\/th>\n<\/tr>\n<tr>\n<td><\/td>\n<td><\/td>\n<td><\/td>\n<\/tr>\n<tr>\n<td><\/td>\n<td><\/td>\n<td><\/td>\n<\/tr>\n<\/tbody>\n<\/table>\n<p><b><br \/>\nElectrical Vacuum Cleaners<\/b><\/p>\n<table>\n<tbody>\n<tr>\n<th><img loading=\"lazy\" decoding=\"async\" class=\"attachment-shop_single \" src=\"https:\/\/mobile-industriesauger.de\/wp-content\/uploads\/2018\/06\/P1160076-600x800.jpg\" sizes=\"(max-width: 600px) 100vw, 600px\" srcset=\"https:\/\/mobile-industriesauger.de\/wp-content\/uploads\/2018\/06\/P1160076-600x800.jpg 600w, https:\/\/mobile-industriesauger.de\/wp-content\/uploads\/2018\/06\/P1160076-225x300.jpg 225w, https:\/\/mobile-industriesauger.de\/wp-content\/uploads\/2018\/06\/P1160076-768x1024.jpg 768w, https:\/\/mobile-industriesauger.de\/wp-content\/uploads\/2018\/06\/P1160076-75x100.jpg 75w\" alt=\"Sauger f\u00fcr Eichenprozessionsspinner\" width=\"290\" height=\"387\" \/><\/th>\n<th><img loading=\"lazy\" decoding=\"async\" class=\"attachment-shop_single \" src=\"https:\/\/mobile-industriesauger.de\/wp-content\/uploads\/2018\/04\/DES-855-1.jpg\" sizes=\"(max-width: 600px) 100vw, 600px\" srcset=\"https:\/\/mobile-industriesauger.de\/wp-content\/uploads\/2018\/04\/DES-855-1.jpg 702w, https:\/\/mobile-industriesauger.de\/wp-content\/uploads\/2018\/04\/DES-855-1-300x260.jpg 300w, https:\/\/mobile-industriesauger.de\/wp-content\/uploads\/2018\/04\/DES-855-1-100x87.jpg 100w\" alt=\"DES 855 DEBUS \u00d6l Sp\u00e4ne Industriesauger\" width=\"408\" height=\"354\" \/><\/th>\n<th><\/th>\n<\/tr>\n<tr>\n<td><strong>Display Item<\/strong><br \/>\nElectrical Vacuum Cleaner DES 112-505-Reclean-SP-H<br \/>\nfor Oak Processionary Moths<\/td>\n<td><strong><br \/>\nDisplay Item<\/strong><br \/>\nElectrical Vacuum Cleaner DES 855-3-Chili for oil \/ emulsions and chips<\/td>\n<td><\/td>\n<\/tr>\n<tr>\n<td>Saugaggregat Typ DES 505 mit robustem PP-Geh\u00e4use<br \/>\nund Anschlusskabel.<\/p>\n<p><strong>Technische Daten:<\/strong><br \/>\nAnsaugluft max.: 540 m\u00b3\/h<br \/>\nUnterdruck max.: 220 mbar<br \/>\nMotor: 3 x 1,1 kW; 230 V; 50 Hz;<br \/>\nGewicht: ca. 55 kg<br \/>\n2,2 m\u00b2 HEPA-Sicherheitsfilterpatrone mit verschliessbarem Beutel<br \/>\nund Stutzenstopfen &#8211; neues Ausstellungsst\u00fcck &#8211; stark reduziert!Preis: 2.990 Euro netto ab Werk<\/td>\n<td>\n<div>\n<p>\u00a0Seitenkanalverdichter Typ VEN mit Zusatzschalld\u00e4mpfer<br \/>\nund einer Abbdeckhaube f\u00fcr den Motor.<br \/>\nMotorschutzschalter als Ein\/Aus-Schalter,<br \/>\nmit 10 Meter Anschlusskabel und 16 Amp.<br \/>\nCEE-Normstecker inklusive Phasenwender.<br \/>\n<b><\/b><\/p>\n<p><b>Technische Daten:<br \/>\n<\/b>Motor: 3,0 kW; 400 Volt; 50 Hz; IP 55<br \/>\nAnsaugluft max.: 300 m\u00b3\/h<br \/>\nUnterdruck max.: 250 mbar<br \/>\nSchallpegel: ca. 75 dB (A) nach DIN 45635<br \/>\nMa\u00dfe (LxBxH):. ca. 1.500 x 700 x 1.570 mm<br \/>\nLeergewicht ca.: 120 kg<\/p>\n<p>Preis: 5.995 Euro netto ab Werk<\/p>\n<\/div>\n<\/td>\n<td><\/td>\n<\/tr>\n<\/tbody>\n<\/table>\n<table>\n<tbody>\n<tr>\n<th>Get in touch with us! We always have current returns as well as demonstration devices in stock<\/th>\n<th><\/th>\n<th><\/th>\n<\/tr>\n<tr>\n<td><\/td>\n<td><\/td>\n<td><\/td>\n<\/tr>\n<tr>\n<td><\/td>\n<td><\/td>\n<td><\/td>\n<\/tr>\n<\/tbody>\n<\/table>\n<p><b><br \/>\nExtraction Systems<\/b><\/p>\n<table>\n<tbody>\n<tr>\n<th><img loading=\"lazy\" decoding=\"async\" class=\"attachment-shop_single \" src=\"https:\/\/mobile-industriesauger.de\/wp-content\/uploads\/2018\/02\/DES-130-20kW-Recleanc_1.jpg\" sizes=\"(max-width: 600px) 100vw, 600px\" srcset=\"https:\/\/mobile-industriesauger.de\/wp-content\/uploads\/2018\/02\/DES-130-20kW-Recleanc_1.jpg 700w, https:\/\/mobile-industriesauger.de\/wp-content\/uploads\/2018\/02\/DES-130-20kW-Recleanc_1-278x300.jpg 278w, https:\/\/mobile-industriesauger.de\/wp-content\/uploads\/2018\/02\/DES-130-20kW-Recleanc_1-93x100.jpg 93w\" alt=\"mobile Absauganlage DEBUS Industrie Drehstromsauger DES 130-20-Reclean\" width=\"344\" height=\"372\" \/><\/th>\n<th><\/th>\n<th><\/th>\n<\/tr>\n<tr>\n<td>Mobile Extraction System DEBUS<br \/>\nIndustrial Vacuum Cleaner DES 130-20-Reclean<\/td>\n<td><\/td>\n<td><\/td>\n<\/tr>\n<tr>\n<td><strong>Demonstration Device<br \/>\n<\/strong>Suitable for vacuuming dry to maximal<br \/>\nslightly moist building and solid materials,<br \/>\ndusts with a grain size of 0-45mm,<br \/>\nas well as a vacuuming distance of max. 15 metres \u2013<br \/>\nmobile Extraction System DEBUS.<strong><br \/>\n<\/strong><br \/>\n<strong>Technische Daten:<br \/>\n<\/strong>Motor:\u00a0\u00a0\u00a0\u00a0\u00a0\u00a0\u00a0\u00a0\u00a0\u00a0\u00a0\u00a0\u00a0\u00a0\u00a0\u00a0\u00a0\u00a0\u00a0\u00a0\u00a0\u00a0\u00a0\u00a0\u00a0 20 kW; 400 Volt; 50 Hz; IP 55<br \/>\nAnsaugluft:\u00a0\u00a0\u00a0\u00a0\u00a0\u00a0\u00a0\u00a0\u00a0\u00a0\u00a0\u00a0\u00a0\u00a0\u00a0\u00a0\u00a0\u00a0 max. 1100 m\u00b3\/h<br \/>\nUnterdruck:\u00a0\u00a0\u00a0\u00a0\u00a0\u00a0\u00a0\u00a0\u00a0\u00a0\u00a0\u00a0\u00a0\u00a0\u00a0\u00a0\u00a0 max. 400 mbar<br \/>\nSchallpegel\u00a0\u00a0\u00a0\u00a0\u00a0\u00a0\u00a0\u00a0\u00a0\u00a0\u00a0\u00a0\u00a0\u00a0\u00a0\u00a0\u00a0\u00a0 ca. 81 dB(A) +\/- 3 dB(A)Sammelbeh\u00e4lter, 90 Liter ist aus feuerverzinktem<br \/>\nStahlblech<br \/>\nFilterbeh\u00e4lter \u201eRECLEAN\u201c mit 24 eingebauten<br \/>\nFilterschl\u00e4uchen aus Polyester-Nadelfilz<br \/>\nmit einer Filterfl\u00e4che von 8 m\u00b2Preis: 21.900 Euro netto ab Werk<\/td>\n<\/tr>\n<\/tbody>\n<\/table>\n","protected":false},"excerpt":{"rendered":"<p>Used Devices: low-cost DEBUS Industrial Vacuum Cleaners and Extraction Systems in good condition Benefit from our Used Industrial Vacuum Cleaners and Extraction Sytsems &#8211; former demonstration versions and display devices The following Used Vacuum Cleaners listed below are currently available: Get in touch with us! We always have current returns as well as demonstration devices [&hellip;]<\/p>\n","protected":false},"author":1,"featured_media":0,"parent":15014,"menu_order":0,"comment_status":"closed","ping_status":"closed","template":"","meta":{"_et_pb_use_builder":"off","_et_pb_old_content":"<div id=\"text\"><h1 class=\"csc-firstHeader\"><span style=\"font-family: verdana; font-size: medium;\"><b>Gebrauchtger\u00e4te: g\u00fcnstige DEBUS Industriesauger und Absauganlagen im gutem Zustand<br \/><\/b><\/span><\/h1><p>Profitieren Sie von unseren gebrauchten Industriesaugern und Absauganlagen - aus Vorf\u00fchrungsmodellen und Austellungsst\u00fccken<\/p><p>Folgende gebrauchte Ger\u00e4te sind zurzeit verf\u00fcgbar:<\/p><p><b>Druckluftsauger<\/b><\/p><table><tbody><tr><th>Rufen Sie uns an! Wir haben immer aktuelle R\u00fcckl\u00e4ufer oder Vorf\u00fchrger\u00e4te im Bestand<\/th><th>\u00a0<\/th><th>\u00a0<\/th><\/tr><tr><td>\u00a0<\/td><td>\u00a0<\/td><td>\u00a0<\/td><\/tr><tr><td>\u00a0<\/td><td>\u00a0<\/td><td>\u00a0<\/td><\/tr><\/tbody><\/table><p><b><br \/>Elektrosauger<\/b><\/p><table><tbody><tr><th><img class=\"attachment-shop_single \" src=\"https:\/\/mobile-industriesauger.de\/wp-content\/uploads\/2018\/06\/P1160076-600x800.jpg\" sizes=\"(max-width: 600px) 100vw, 600px\" srcset=\"https:\/\/mobile-industriesauger.de\/wp-content\/uploads\/2018\/06\/P1160076-600x800.jpg 600w, https:\/\/mobile-industriesauger.de\/wp-content\/uploads\/2018\/06\/P1160076-225x300.jpg 225w, https:\/\/mobile-industriesauger.de\/wp-content\/uploads\/2018\/06\/P1160076-768x1024.jpg 768w, https:\/\/mobile-industriesauger.de\/wp-content\/uploads\/2018\/06\/P1160076-75x100.jpg 75w\" alt=\"Sauger f\u00fcr Eichenprozessionsspinner\" width=\"290\" height=\"387\" \/><\/th><th><img class=\"attachment-shop_single \" src=\"https:\/\/mobile-industriesauger.de\/wp-content\/uploads\/2018\/04\/DES-855-1.jpg\" sizes=\"(max-width: 600px) 100vw, 600px\" srcset=\"https:\/\/mobile-industriesauger.de\/wp-content\/uploads\/2018\/04\/DES-855-1.jpg 702w, https:\/\/mobile-industriesauger.de\/wp-content\/uploads\/2018\/04\/DES-855-1-300x260.jpg 300w, https:\/\/mobile-industriesauger.de\/wp-content\/uploads\/2018\/04\/DES-855-1-100x87.jpg 100w\" alt=\"DES 855 DEBUS \u00d6l Sp\u00e4ne Industriesauger\" width=\"408\" height=\"354\" \/><\/th><th>\u00a0<\/th><\/tr><tr><td><strong>Ausstellungsst\u00fcck<\/strong><br \/>Elektrosauger DES 112-505-Reclean-SP-H<br \/>f\u00fcr Eichenprozessionsspinner<\/td><td><strong>Ausstellungsst\u00fcck<\/strong><br \/>Elektrosauger DES 855-3-Chili f\u00fcr \u00d6l\/Emulsionen<br \/>und Sp\u00e4ne<\/td><td>\u00a0<\/td><\/tr><tr><td>Saugaggregat Typ DES 505 mit robustem PP-Geh\u00e4use<br \/>und Anschlusskabel.<br \/><strong>Technische Daten:<\/strong><br \/>Ansaugluft max.: 540 m\u00b3\/h<br \/>Unterdruck max.: 220 mbar<br \/>Motor: 3 x 1,1 kW; 230 V; 50 Hz;<br \/>Gewicht: ca. 55 kg<br \/>2,2 m\u00b2 HEPA-SicherheitsfilterpatroneBeh\u00e4lter mit verschliessbarem Beutel<br \/>und Stutzenstopfen<p>neues Ausstellungsst\u00fcck - stark reduziert!<\/p><p><strong>Preis: 2.990 Euro netto ab Werk<\/strong><\/p><\/td><td><div><p>\u00a0Seitenkanalverdichter Typ VEN mit Zusatzschalld\u00e4mpfer<br \/>und einer Abbdeckhaube f\u00fcr den Motor.<br \/>Motorschutzschalter als Ein\/Aus-Schalter,<br \/>mit 10 Meter Anschlusskabel und 16 Amp.<br \/>CEE-Normstecker inklusive Phasenwender.<br \/><b>Technische Daten:<br \/><\/b>Motor: 3,0 kW; 400 Volt; 50 Hz; IP 55<br \/>Ansaugluft max.: 300 m\u00b3\/h<br \/>Unterdruck max.: 250 mbar<br \/>Schallpegel: ca. 75 dB (A) nach DIN 45635<br \/>Ma\u00dfe (LxBxH):. ca. 1.500 x 700 x 1.570 mm<br \/>Leergewicht ca.: 120 kg<\/p><p><strong>Preis: 4.790 Euro netto ab Werk<\/strong><\/p><\/div><\/td><td>\u00a0<\/td><\/tr><\/tbody><\/table><p><b><br \/>Entstauber<\/b><\/p><table><tbody><tr><th>Rufen Sie uns an! Wir haben immer aktuelle R\u00fcckl\u00e4ufer oder Vorf\u00fchrger\u00e4te im Bestand<\/th><th>\u00a0<\/th><th>\u00a0<\/th><\/tr><tr><td>\u00a0<\/td><td>\u00a0<\/td><td>\u00a0<\/td><\/tr><tr><td>\u00a0<\/td><td>\u00a0<\/td><td>\u00a0<\/td><\/tr><\/tbody><\/table><p><b><br \/>Absauganlage<\/b><\/p><table><tbody><tr><th><img class=\"attachment-shop_single \" src=\"https:\/\/mobile-industriesauger.de\/wp-content\/uploads\/2018\/02\/DES-130-20kW-Recleanc_1.jpg\" sizes=\"(max-width: 600px) 100vw, 600px\" srcset=\"https:\/\/mobile-industriesauger.de\/wp-content\/uploads\/2018\/02\/DES-130-20kW-Recleanc_1.jpg 700w, https:\/\/mobile-industriesauger.de\/wp-content\/uploads\/2018\/02\/DES-130-20kW-Recleanc_1-278x300.jpg 278w, https:\/\/mobile-industriesauger.de\/wp-content\/uploads\/2018\/02\/DES-130-20kW-Recleanc_1-93x100.jpg 93w\" alt=\"mobile Absauganlage DEBUS Industrie Drehstromsauger DES 130-20-Reclean\" width=\"344\" height=\"372\" \/><\/th><th>\u00a0<\/th><th>\u00a0<\/th><\/tr><tr><td>mobile Absauganlage DEBUS<br \/>Industriesauger DES 130-20-Reclean<\/td><td>\u00a0<\/td><td>\u00a0<\/td><\/tr><tr><td><strong>Vorf\u00fchrger\u00e4t<br \/><\/strong>Geeigent zum Saugen von trockenen bis max.<br \/>leicht feuchten Baustoffen und Feststoffen,<br \/>St\u00e4uben mit einer K\u00f6rnung von 0-45mm,<br \/>sowie einem Saugweg von max. 15 Metern \u2013<br \/>mobile Absauganlage DEBUS.<strong><br \/><\/strong><br \/><strong>Technische Daten:<br \/><\/strong>Motor:\u00a0\u00a0\u00a0\u00a0\u00a0\u00a0\u00a0\u00a0\u00a0\u00a0\u00a0\u00a0\u00a0\u00a0\u00a0\u00a0\u00a0\u00a0\u00a0\u00a0\u00a0\u00a0\u00a0\u00a0\u00a0 20 kW; 400 Volt; 50 Hz; IP 55<br \/>Ansaugluft:\u00a0\u00a0\u00a0\u00a0\u00a0\u00a0\u00a0\u00a0\u00a0\u00a0\u00a0\u00a0\u00a0\u00a0\u00a0\u00a0\u00a0\u00a0 max. 1100 m\u00b3\/h<br \/>Unterdruck:\u00a0\u00a0\u00a0\u00a0\u00a0\u00a0\u00a0\u00a0\u00a0\u00a0\u00a0\u00a0\u00a0\u00a0\u00a0\u00a0\u00a0 max. 400 mbar<br \/>Schallpegel\u00a0\u00a0\u00a0\u00a0\u00a0\u00a0\u00a0\u00a0\u00a0\u00a0\u00a0\u00a0\u00a0\u00a0\u00a0\u00a0\u00a0\u00a0 ca. 81 dB(A) +\/- 3 dB(A)\u00a0<p>Sammelbeh\u00e4lter, 90 Liter ist aus feuerverzinktem<br \/>Stahlblech<br \/>Filterbeh\u00e4lter \u201eRECLEAN\u201c mit 24 eingebauten<br \/>Filterschl\u00e4uchen aus Polyester-Nadelfilz<br \/>mit einer Filterfl\u00e4che von 8 m\u00b2<strong><br \/><\/strong><strong>Preis: 21.900 Euro netto ab Werk<\/strong><\/p><\/td><td>\u00a0<\/td><td>\u00a0<\/td><\/tr><\/tbody><\/table><\/div>","_et_gb_content_width":"","footnotes":""},"anwendung":[],"class_list":["post-15274","page","type-page","status-publish","hentry"],"yoast_head":"<!-- This site is optimized with the Yoast SEO plugin v27.3 - https:\/\/yoast.com\/product\/yoast-seo-wordpress\/ -->\n<title>Industrial Vacuum Cleaners - used vacuum cleaners by DEBUS GmbH<\/title>\n<meta name=\"description\" content=\"Used Devices: Used Devices: low-cost DEBUS Industrial Vacuum Cleaners and Extraction Systems in good condition - high quality for low costs\" \/>\n<meta name=\"robots\" content=\"index, follow, max-snippet:-1, max-image-preview:large, max-video-preview:-1\" \/>\n<link rel=\"canonical\" href=\"https:\/\/www.debus-gmbh.de\/en\/vacuum-cleaners\/used-vacuum-cleaners\/\" \/>\n<meta property=\"og:locale\" content=\"en_US\" \/>\n<meta property=\"og:type\" content=\"article\" \/>\n<meta property=\"og:title\" content=\"Industrial Vacuum Cleaners - used vacuum cleaners by DEBUS GmbH\" \/>\n<meta property=\"og:description\" content=\"Used Devices: Used Devices: low-cost DEBUS Industrial Vacuum Cleaners and Extraction Systems in good condition - high quality for low costs\" \/>\n<meta property=\"og:url\" content=\"https:\/\/www.debus-gmbh.de\/en\/vacuum-cleaners\/used-vacuum-cleaners\/\" \/>\n<meta property=\"og:site_name\" content=\"www.debus-gmbh.de\" \/>\n<meta property=\"article:modified_time\" content=\"2019-07-03T08:58:14+00:00\" \/>\n<meta property=\"og:image\" content=\"https:\/\/mobile-industriesauger.de\/wp-content\/uploads\/2018\/06\/P1160076-600x800.jpg\" \/>\n<meta name=\"twitter:card\" content=\"summary_large_image\" \/>\n<meta name=\"twitter:label1\" content=\"Est. reading time\" \/>\n\t<meta name=\"twitter:data1\" content=\"2 minutes\" \/>\n<script type=\"application\/ld+json\" class=\"yoast-schema-graph\">{\"@context\":\"https:\\\/\\\/schema.org\",\"@graph\":[{\"@type\":\"WebPage\",\"@id\":\"https:\\\/\\\/www.debus-gmbh.de\\\/en\\\/vacuum-cleaners\\\/used-vacuum-cleaners\\\/\",\"url\":\"https:\\\/\\\/www.debus-gmbh.de\\\/en\\\/vacuum-cleaners\\\/used-vacuum-cleaners\\\/\",\"name\":\"Industrial Vacuum Cleaners - used vacuum cleaners by DEBUS GmbH\",\"isPartOf\":{\"@id\":\"https:\\\/\\\/www.debus-gmbh.de\\\/#website\"},\"primaryImageOfPage\":{\"@id\":\"https:\\\/\\\/www.debus-gmbh.de\\\/en\\\/vacuum-cleaners\\\/used-vacuum-cleaners\\\/#primaryimage\"},\"image\":{\"@id\":\"https:\\\/\\\/www.debus-gmbh.de\\\/en\\\/vacuum-cleaners\\\/used-vacuum-cleaners\\\/#primaryimage\"},\"thumbnailUrl\":\"https:\\\/\\\/mobile-industriesauger.de\\\/wp-content\\\/uploads\\\/2018\\\/06\\\/P1160076-600x800.jpg\",\"datePublished\":\"2019-06-28T08:12:05+00:00\",\"dateModified\":\"2019-07-03T08:58:14+00:00\",\"description\":\"Used Devices: Used Devices: low-cost DEBUS Industrial Vacuum Cleaners and Extraction Systems in good condition - high quality for low costs\",\"breadcrumb\":{\"@id\":\"https:\\\/\\\/www.debus-gmbh.de\\\/en\\\/vacuum-cleaners\\\/used-vacuum-cleaners\\\/#breadcrumb\"},\"inLanguage\":\"en-US\",\"potentialAction\":[{\"@type\":\"ReadAction\",\"target\":[\"https:\\\/\\\/www.debus-gmbh.de\\\/en\\\/vacuum-cleaners\\\/used-vacuum-cleaners\\\/\"]}]},{\"@type\":\"ImageObject\",\"inLanguage\":\"en-US\",\"@id\":\"https:\\\/\\\/www.debus-gmbh.de\\\/en\\\/vacuum-cleaners\\\/used-vacuum-cleaners\\\/#primaryimage\",\"url\":\"https:\\\/\\\/mobile-industriesauger.de\\\/wp-content\\\/uploads\\\/2018\\\/06\\\/P1160076-600x800.jpg\",\"contentUrl\":\"https:\\\/\\\/mobile-industriesauger.de\\\/wp-content\\\/uploads\\\/2018\\\/06\\\/P1160076-600x800.jpg\"},{\"@type\":\"BreadcrumbList\",\"@id\":\"https:\\\/\\\/www.debus-gmbh.de\\\/en\\\/vacuum-cleaners\\\/used-vacuum-cleaners\\\/#breadcrumb\",\"itemListElement\":[{\"@type\":\"ListItem\",\"position\":1,\"name\":\"Startseite\",\"item\":\"https:\\\/\\\/www.debus-gmbh.de\\\/en\\\/\"},{\"@type\":\"ListItem\",\"position\":2,\"name\":\"Vacuum Cleaners\",\"item\":\"https:\\\/\\\/www.debus-gmbh.de\\\/en\\\/vacuum-cleaners\\\/\"},{\"@type\":\"ListItem\",\"position\":3,\"name\":\"Used Vacuum Cleaners\"}]},{\"@type\":\"WebSite\",\"@id\":\"https:\\\/\\\/www.debus-gmbh.de\\\/#website\",\"url\":\"https:\\\/\\\/www.debus-gmbh.de\\\/\",\"name\":\"www.debus-gmbh.de\",\"description\":\"Just another WordPress site\",\"potentialAction\":[{\"@type\":\"SearchAction\",\"target\":{\"@type\":\"EntryPoint\",\"urlTemplate\":\"https:\\\/\\\/www.debus-gmbh.de\\\/?s={search_term_string}\"},\"query-input\":{\"@type\":\"PropertyValueSpecification\",\"valueRequired\":true,\"valueName\":\"search_term_string\"}}],\"inLanguage\":\"en-US\"}]}<\/script>\n<!-- \/ Yoast SEO plugin. -->","yoast_head_json":{"title":"Industrial Vacuum Cleaners - used vacuum cleaners by DEBUS GmbH","description":"Used Devices: Used Devices: low-cost DEBUS Industrial Vacuum Cleaners and Extraction Systems in good condition - high quality for low costs","robots":{"index":"index","follow":"follow","max-snippet":"max-snippet:-1","max-image-preview":"max-image-preview:large","max-video-preview":"max-video-preview:-1"},"canonical":"https:\/\/www.debus-gmbh.de\/en\/vacuum-cleaners\/used-vacuum-cleaners\/","og_locale":"en_US","og_type":"article","og_title":"Industrial Vacuum Cleaners - used vacuum cleaners by DEBUS GmbH","og_description":"Used Devices: Used Devices: low-cost DEBUS Industrial Vacuum Cleaners and Extraction Systems in good condition - high quality for low costs","og_url":"https:\/\/www.debus-gmbh.de\/en\/vacuum-cleaners\/used-vacuum-cleaners\/","og_site_name":"www.debus-gmbh.de","article_modified_time":"2019-07-03T08:58:14+00:00","og_image":[{"url":"https:\/\/mobile-industriesauger.de\/wp-content\/uploads\/2018\/06\/P1160076-600x800.jpg","type":"","width":"","height":""}],"twitter_card":"summary_large_image","twitter_misc":{"Est. reading time":"2 minutes"},"schema":{"@context":"https:\/\/schema.org","@graph":[{"@type":"WebPage","@id":"https:\/\/www.debus-gmbh.de\/en\/vacuum-cleaners\/used-vacuum-cleaners\/","url":"https:\/\/www.debus-gmbh.de\/en\/vacuum-cleaners\/used-vacuum-cleaners\/","name":"Industrial Vacuum Cleaners - used vacuum cleaners by DEBUS GmbH","isPartOf":{"@id":"https:\/\/www.debus-gmbh.de\/#website"},"primaryImageOfPage":{"@id":"https:\/\/www.debus-gmbh.de\/en\/vacuum-cleaners\/used-vacuum-cleaners\/#primaryimage"},"image":{"@id":"https:\/\/www.debus-gmbh.de\/en\/vacuum-cleaners\/used-vacuum-cleaners\/#primaryimage"},"thumbnailUrl":"https:\/\/mobile-industriesauger.de\/wp-content\/uploads\/2018\/06\/P1160076-600x800.jpg","datePublished":"2019-06-28T08:12:05+00:00","dateModified":"2019-07-03T08:58:14+00:00","description":"Used Devices: Used Devices: low-cost DEBUS Industrial Vacuum Cleaners and Extraction Systems in good condition - high quality for low costs","breadcrumb":{"@id":"https:\/\/www.debus-gmbh.de\/en\/vacuum-cleaners\/used-vacuum-cleaners\/#breadcrumb"},"inLanguage":"en-US","potentialAction":[{"@type":"ReadAction","target":["https:\/\/www.debus-gmbh.de\/en\/vacuum-cleaners\/used-vacuum-cleaners\/"]}]},{"@type":"ImageObject","inLanguage":"en-US","@id":"https:\/\/www.debus-gmbh.de\/en\/vacuum-cleaners\/used-vacuum-cleaners\/#primaryimage","url":"https:\/\/mobile-industriesauger.de\/wp-content\/uploads\/2018\/06\/P1160076-600x800.jpg","contentUrl":"https:\/\/mobile-industriesauger.de\/wp-content\/uploads\/2018\/06\/P1160076-600x800.jpg"},{"@type":"BreadcrumbList","@id":"https:\/\/www.debus-gmbh.de\/en\/vacuum-cleaners\/used-vacuum-cleaners\/#breadcrumb","itemListElement":[{"@type":"ListItem","position":1,"name":"Startseite","item":"https:\/\/www.debus-gmbh.de\/en\/"},{"@type":"ListItem","position":2,"name":"Vacuum Cleaners","item":"https:\/\/www.debus-gmbh.de\/en\/vacuum-cleaners\/"},{"@type":"ListItem","position":3,"name":"Used Vacuum Cleaners"}]},{"@type":"WebSite","@id":"https:\/\/www.debus-gmbh.de\/#website","url":"https:\/\/www.debus-gmbh.de\/","name":"www.debus-gmbh.de","description":"Just another WordPress site","potentialAction":[{"@type":"SearchAction","target":{"@type":"EntryPoint","urlTemplate":"https:\/\/www.debus-gmbh.de\/?s={search_term_string}"},"query-input":{"@type":"PropertyValueSpecification","valueRequired":true,"valueName":"search_term_string"}}],"inLanguage":"en-US"}]}},"_links":{"self":[{"href":"https:\/\/www.debus-gmbh.de\/en\/wp-json\/wp\/v2\/pages\/15274","targetHints":{"allow":["GET"]}}],"collection":[{"href":"https:\/\/www.debus-gmbh.de\/en\/wp-json\/wp\/v2\/pages"}],"about":[{"href":"https:\/\/www.debus-gmbh.de\/en\/wp-json\/wp\/v2\/types\/page"}],"author":[{"embeddable":true,"href":"https:\/\/www.debus-gmbh.de\/en\/wp-json\/wp\/v2\/users\/1"}],"replies":[{"embeddable":true,"href":"https:\/\/www.debus-gmbh.de\/en\/wp-json\/wp\/v2\/comments?post=15274"}],"version-history":[{"count":0,"href":"https:\/\/www.debus-gmbh.de\/en\/wp-json\/wp\/v2\/pages\/15274\/revisions"}],"up":[{"embeddable":true,"href":"https:\/\/www.debus-gmbh.de\/en\/wp-json\/wp\/v2\/pages\/15014"}],"wp:attachment":[{"href":"https:\/\/www.debus-gmbh.de\/en\/wp-json\/wp\/v2\/media?parent=15274"}],"wp:term":[{"taxonomy":"anwendung","embeddable":true,"href":"https:\/\/www.debus-gmbh.de\/en\/wp-json\/wp\/v2\/anwendung?post=15274"}],"curies":[{"name":"wp","href":"https:\/\/api.w.org\/{rel}","templated":true}]}}